{"id":747,"date":"2025-01-28T09:24:49","date_gmt":"2025-01-28T08:24:49","guid":{"rendered":"http:\/\/piw.walbrzych.pl\/?page_id=747"},"modified":"2025-01-28T09:24:49","modified_gmt":"2025-01-28T08:24:49","slug":"podroze-ze-zwierzetami-towarzyszacymi","status":"publish","type":"page","link":"http:\/\/piw.walbrzych.pl\/?page_id=747","title":{"rendered":"Podr\u00f3\u017ce ze zwierz\u0119tami towarzysz\u0105cymi"},"content":{"rendered":"\n<p>Szczeg\u00f3\u0142owe informacje na temat podr\u00f3\u017cy ze zwierz\u0119tami towarzysz\u0105cymi publikuje G\u0142\u00f3wny Lekarz Weterynarii:<br><br><a href=\"https:\/\/www.wetgiw.gov.pl\/nadzor-weterynaryjny\/podroze-ze-zwierzetami-towarzyszacymi\">https:\/\/www.wetgiw.gov.pl\/nadzor-weterynaryjny\/podroze-ze-zwierzetami-towarzyszacymi<\/a><\/p>\n","protected":false},"excerpt":{"rendered":"<p>Szczeg\u00f3\u0142owe informacje na temat podr\u00f3\u017cy ze zwierz\u0119tami towarzysz\u0105cymi publikuje G\u0142\u00f3wny Lekarz Weterynarii: https:\/\/www.wetgiw.gov.pl\/nadzor-weterynaryjny\/podroze-ze-zwierzetami-towarzyszacymi<\/p>\n","protected":false},"author":1,"featured_media":0,"parent":0,"menu_order":0,"comment_status":"closed","ping_status":"closed","template":"","meta":[],"_links":{"self":[{"href":"http:\/\/piw.walbrzych.pl\/index.php?rest_route=\/wp\/v2\/pages\/747"}],"collection":[{"href":"http:\/\/piw.walbrzych.pl\/index.php?rest_route=\/wp\/v2\/pages"}],"about":[{"href":"http:\/\/piw.walbrzych.pl\/index.php?rest_route=\/wp\/v2\/types\/page"}],"author":[{"embeddable":true,"href":"http:\/\/piw.walbrzych.pl\/index.php?rest_route=\/wp\/v2\/users\/1"}],"replies":[{"embeddable":true,"href":"http:\/\/piw.walbrzych.pl\/index.php?rest_route=%2Fwp%2Fv2%2Fcomments&post=747"}],"version-history":[{"count":1,"href":"http:\/\/piw.walbrzych.pl\/index.php?rest_route=\/wp\/v2\/pages\/747\/revisions"}],"predecessor-version":[{"id":749,"href":"http:\/\/piw.walbrzych.pl\/index.php?rest_route=\/wp\/v2\/pages\/747\/revisions\/749"}],"wp:attachment":[{"href":"http:\/\/piw.walbrzych.pl\/index.php?rest_route=%2Fwp%2Fv2%2Fmedia&parent=747"}],"curies":[{"name":"wp","href":"https:\/\/api.w.org\/{rel}","templated":true}]}}