{"id":733,"date":"2025-01-27T10:51:29","date_gmt":"2025-01-27T09:51:29","guid":{"rendered":"http:\/\/piw.walbrzych.pl\/?page_id=733"},"modified":"2025-05-05T09:51:31","modified_gmt":"2025-05-05T07:51:31","slug":"pryszczyca","status":"publish","type":"page","link":"http:\/\/piw.walbrzych.pl\/?page_id=733","title":{"rendered":"Pryszczyca (FMD)"},"content":{"rendered":"\n<p>Komunikat G\u0142\u00f3wnego Lekarza Weterynarii w zwi\u0105zku z ogniskiem pryszczycy (FMD) na terytorium Niemiec<\/p>\n\n\n\n<p>W zwi\u0105zku z pojawiaj\u0105cymi si\u0119 w przestrzeni medialnej nieprawdziwymi informacjami dotycz\u0105cymi wyst\u0119powania ognisk pryszczycy, G\u0142\u00f3wny Lekarz Weterynarii informuje, \u017ce strona niemiecka w dniu 17.01.2025 roku zdementowa\u0142a oficjalnie informacj\u0119 na temat drugiego ogniska w Niemczech oraz poinformowa\u0142a, \u017ce na chwil\u0119 obecn\u0105 nie ma nowych podejrze\u0144 wyst\u0105pienia choroby w kolejnych gospodarstwach.<\/p>\n\n\n\n<p>G\u0142\u00f3wny Lekarz Weterynarii informuje, \u017ce na terenie Polski do dnia 17.01.2025 r. nie stwierdzono \u017cadnego przypadku tej choroby. S\u0142u\u017cby weterynaryjne we wsp\u00f3\u0142pracy z innymi s\u0142u\u017cbami kontroluj\u0105 transporty zwierz\u0105t wje\u017cd\u017caj\u0105ce z terytorium Niemiec z obszar\u00f3w nieobj\u0119tych ograniczeniami oraz z innych pa\u0144stw cz\u0142onkowskich, je\u015bli trasa przejazdu przebiega przez Niemcy, do Polski.<\/p>\n\n\n\n<p>Jednocze\u015bnie, G\u0142\u00f3wny Lekarz Weterynarii apeluje o przestrzeganie zasad bioasekuracji przez podmioty zwi\u0105zane ze zwierz\u0119tami parzystokopytnymi z gatunk\u00f3w wra\u017cliwych, a w przypadku przewo\u017anik\u00f3w zwierz\u0105t o konieczno\u015bci dezynfekcji \u015brodk\u00f3w transportu, zgodnie z wymaganiami rozporz\u0105dzenia nr 1\/2005.<\/p>\n\n\n\n<p>Zwierz\u0119ta wprowadzane do stada musz\u0105 pochodzi\u0107 z wiadomego \u017ar\u00f3d\u0142a, musz\u0105 by\u0107 oznakowane, w przypadku handlu wewn\u0105trzunijnego zaopatrzone w \u015bwiadectwo zdrowia potwierdzaj\u0105ce ich pochodzenie i status zdrowotny, a w przypadku \u015bwi\u0144 \u015bwiadectwo zdrowia musi by\u0107 zapewnione tak\u017ce w obrocie krajowym. Pasza i \u015bci\u00f3\u0142ka (oraz siano i s\u0142oma) wprowadzane do gospodarstwa musz\u0105 pochodzi\u0107 z wiadomego \u017ar\u00f3d\u0142a. W gospodarstwie nale\u017cy zapewni\u0107 &nbsp;czysto\u015b\u0107 i higien\u0119 w pomieszczeniach, w kt\u00f3rych utrzymywane s\u0105 zwierz\u0119ta. Do dezynfekcji nale\u017cy stosowa\u0107 \u015brodki dezynfekcyjne, kt\u00f3re inaktywuj\u0105 wirus pryszczycy tj. \u015brodki o pH kwa\u015bnym poni\u017cej 6 lub zasadowym powy\u017cej 9. Do gospodarstwa nie powinny by\u0107 wprowadzane sprz\u0119ty ani narz\u0119dzia u\u017cywane w innych gospodarstwach. Personel obs\u0142uguj\u0105cy zwierz\u0119ta powinien przestrzega\u0107 zasad higieny oraz stosowa\u0107 odzie\u017c i obuwie dedykowane do obs\u0142ugi zwierz\u0105t. Nale\u017cy r\u00f3wnie\u017c bezwzgl\u0119dnie przestrzega\u0107 zakazu wchodzenia na teren gospodarstwa os\u00f3b postronnych.<\/p>\n\n\n\n<div class=\"wp-block-file\"><object class=\"wp-block-file__embed\" data=\"https:\/\/piw.walbrzych.pl\/wp-content\/uploads\/2025\/04\/PRAKTYCZNY-PRZEWODNIK-BIOASEKURACJI.pdf\" type=\"application\/pdf\" style=\"width:100%;height:600px\" aria-label=\"Osadzone z PRAKTYCZNY-PRZEWODNIK-BIOASEKURACJI.\"><\/object><a href=\"https:\/\/piw.walbrzych.pl\/wp-content\/uploads\/2025\/04\/PRAKTYCZNY-PRZEWODNIK-BIOASEKURACJI.pdf\">PRAKTYCZNY-PRZEWODNIK-BIOASEKURACJI<\/a><a href=\"https:\/\/piw.walbrzych.pl\/wp-content\/uploads\/2025\/04\/PRAKTYCZNY-PRZEWODNIK-BIOASEKURACJI.pdf\" class=\"wp-block-file__button\" download>Pobierz<\/a><\/div>\n\n\n\n<p><\/p>\n\n\n\n<div class=\"wp-block-file\"><object class=\"wp-block-file__embed\" data=\"https:\/\/piw.walbrzych.pl\/wp-content\/uploads\/2025\/04\/02-04-giw-ulotka-FMD.pdf\" type=\"application\/pdf\" style=\"width:100%;height:600px\" aria-label=\"Osadzone z 02-04-giw-ulotka-FMD.\"><\/object><a href=\"https:\/\/piw.walbrzych.pl\/wp-content\/uploads\/2025\/04\/02-04-giw-ulotka-FMD.pdf\">02-04-giw-ulotka-FMD<\/a><a href=\"https:\/\/piw.walbrzych.pl\/wp-content\/uploads\/2025\/04\/02-04-giw-ulotka-FMD.pdf\" class=\"wp-block-file__button\" download>Pobierz<\/a><\/div>\n\n\n\n<p><a href=\"https:\/\/www.wetgiw.gov.pl\/nadzor-weterynaryjny\/pryszczyca\">https:\/\/www.wetgiw.gov.pl\/nadzor-weterynaryjny\/pryszczyca<\/a><\/p>\n\n\n\n<div class=\"wp-block-file\"><object class=\"wp-block-file__embed\" data=\"https:\/\/piw.walbrzych.pl\/wp-content\/uploads\/2025\/04\/Srodki-do-dezynfekcji-FMD.pdf\" type=\"application\/pdf\" style=\"width:100%;height:600px\" aria-label=\"Osadzone z Srodki-do-dezynfekcji-FMD.\"><\/object><a href=\"https:\/\/piw.walbrzych.pl\/wp-content\/uploads\/2025\/04\/Srodki-do-dezynfekcji-FMD.pdf\">Srodki-do-dezynfekcji-FMD<\/a><a href=\"https:\/\/piw.walbrzych.pl\/wp-content\/uploads\/2025\/04\/Srodki-do-dezynfekcji-FMD.pdf\" class=\"wp-block-file__button\" download>Pobierz<\/a><\/div>\n\n\n\n<figure class=\"wp-block-image size-full\"><img loading=\"lazy\" width=\"1920\" height=\"1364\" src=\"https:\/\/piw.walbrzych.pl\/wp-content\/uploads\/2025\/05\/Ulotka_pryszczyca1.jpg\" alt=\"\" class=\"wp-image-783\"\/><\/figure>\n\n\n\n<figure class=\"wp-block-image size-full\"><img loading=\"lazy\" width=\"1920\" height=\"1364\" src=\"https:\/\/piw.walbrzych.pl\/wp-content\/uploads\/2025\/05\/Ulotka_pryszczyca2.jpg\" alt=\"\" class=\"wp-image-784\"\/><\/figure>\n\n\n\n<div class=\"wp-block-file\"><object class=\"wp-block-file__embed\" data=\"https:\/\/piw.walbrzych.pl\/wp-content\/uploads\/2025\/05\/PryszczycaUlotka05.pdf\" type=\"application\/pdf\" style=\"width:100%;height:600px\" aria-label=\"Osadzone z PryszczycaUlotka05.\"><\/object><a href=\"https:\/\/piw.walbrzych.pl\/wp-content\/uploads\/2025\/05\/PryszczycaUlotka05.pdf\">PryszczycaUlotka05<\/a><a href=\"https:\/\/piw.walbrzych.pl\/wp-content\/uploads\/2025\/05\/PryszczycaUlotka05.pdf\" class=\"wp-block-file__button\" download>Pobierz<\/a><\/div>\n","protected":false},"excerpt":{"rendered":"<p>Komunikat G\u0142\u00f3wnego Lekarza Weterynarii w zwi\u0105zku z ogniskiem pryszczycy (FMD) na terytorium Niemiec W zwi\u0105zku z pojawiaj\u0105cymi si\u0119 w przestrzeni medialnej nieprawdziwymi informacjami dotycz\u0105cymi wyst\u0119powania ognisk pryszczycy, G\u0142\u00f3wny Lekarz Weterynarii informuje, \u017ce strona niemiecka w dniu 17.01.2025 roku zdementowa\u0142a oficjalnie informacj\u0119 na temat drugiego ogniska w Niemczech oraz poinformowa\u0142a, \u017ce na chwil\u0119 obecn\u0105 nie ma [&hellip;]<\/p>\n","protected":false},"author":1,"featured_media":0,"parent":0,"menu_order":0,"comment_status":"closed","ping_status":"closed","template":"","meta":[],"_links":{"self":[{"href":"http:\/\/piw.walbrzych.pl\/index.php?rest_route=\/wp\/v2\/pages\/733"}],"collection":[{"href":"http:\/\/piw.walbrzych.pl\/index.php?rest_route=\/wp\/v2\/pages"}],"about":[{"href":"http:\/\/piw.walbrzych.pl\/index.php?rest_route=\/wp\/v2\/types\/page"}],"author":[{"embeddable":true,"href":"http:\/\/piw.walbrzych.pl\/index.php?rest_route=\/wp\/v2\/users\/1"}],"replies":[{"embeddable":true,"href":"http:\/\/piw.walbrzych.pl\/index.php?rest_route=%2Fwp%2Fv2%2Fcomments&post=733"}],"version-history":[{"count":9,"href":"http:\/\/piw.walbrzych.pl\/index.php?rest_route=\/wp\/v2\/pages\/733\/revisions"}],"predecessor-version":[{"id":788,"href":"http:\/\/piw.walbrzych.pl\/index.php?rest_route=\/wp\/v2\/pages\/733\/revisions\/788"}],"wp:attachment":[{"href":"http:\/\/piw.walbrzych.pl\/index.php?rest_route=%2Fwp%2Fv2%2Fmedia&parent=733"}],"curies":[{"name":"wp","href":"https:\/\/api.w.org\/{rel}","templated":true}]}}