{"id":693,"date":"2024-09-25T07:19:03","date_gmt":"2024-09-25T05:19:03","guid":{"rendered":"http:\/\/piw.walbrzych.pl\/?page_id=693"},"modified":"2026-01-20T08:54:25","modified_gmt":"2026-01-20T07:54:25","slug":"badanie-miesa","status":"publish","type":"page","link":"http:\/\/piw.walbrzych.pl\/?page_id=693","title":{"rendered":"Badanie mi\u0119sa"},"content":{"rendered":"\n<p><strong>Godziny przyjmowania pr\u00f3b mi\u0119sa do badania w kierunku w\u0142o\u015bni<\/strong><\/p>\n\n\n\n<p>Powiatowy Lekarz Weterynarii w Wa\u0142brzychu informuje, \u017ce od stycznia br. pr\u00f3by mi\u0119sa na u\u017cytek w\u0142asny do badania w kierunku obecno\u015bci w\u0142o\u015bni przyjmowane b\u0119d\u0105 w siedzibie tutejszego inspektoratu, w pokoju nr 6:<\/p>\n\n\n\n<p>\u2022&nbsp;&nbsp;&nbsp;&nbsp;&nbsp;&nbsp;&nbsp;&nbsp;&nbsp;&nbsp;&nbsp;&nbsp; w czwartki od 7.00 do 14.30 oraz<\/p>\n\n\n\n<p>\u2022&nbsp;&nbsp;&nbsp;&nbsp;&nbsp;&nbsp;&nbsp;&nbsp;&nbsp;&nbsp;&nbsp;&nbsp; w pi\u0105tki od 7.00 do 8.45<\/p>\n\n\n\n<p>Badanie pr\u00f3bek mi\u0119sa w kierunku w\u0142o\u015bni rozpoczyna si\u0119 w ka\u017cdy pi\u0105tek o godzinie 9.00.<\/p>\n\n\n\n<p>O zmianie terminu badania Powiatowy Lekarz Weterynarii w Wa\u0142brzychu b\u0119dzie ka\u017cdorazowo informowa\u0142 stosownym pismem do k\u00f3\u0142 oraz na stronie internetowej Powiatowego Inspektoratu Weterynarii w Wa\u0142brzychu, w zak\u0142adce Aktualno\u015bci.<\/p>\n\n\n\n<hr class=\"wp-block-separator\"\/>\n\n\n\n<p><strong>PROTOK\u00d3\u0141 PRZYJ\u0118CIA PR\u00d3BEK DO BADA\u0143<\/strong><\/p>\n\n\n\n<p><strong>Terenowa pracownia diagnostyki w\u0142o\u015bni przy Powiatowym Inspektoracie Weterynarii<\/strong> w Wa\u0142brzychu<\/p>\n\n\n\n<p><strong><u>Za prawid\u0142owe pobranie i dostarczenie pr\u00f3bek do bada\u0144 odpowiada zleceniodawca &#8211; <\/u><\/strong>&nbsp;&nbsp;<strong>w\u0142a\u015bciciel pr\u00f3bki<\/strong><\/p>\n\n\n\n<p>Je\u017celi stan pr\u00f3bek jest niezadowalaj\u0105cy lub ich ilo\u015b\u0107 niewystarczaj\u0105ca, pr\u00f3bki mog\u0105 nie zosta\u0107 przyj\u0119te do badania ( w przypadku odmowy wykonania badania inspektor weterynaryjny odpowiedzialny za pracowni\u0119 zobowi\u0105zany jest o tym fakcie powiadomi\u0107 zleceniodawc\u0119).<\/p>\n\n\n\n<p>Pobieranie pr\u00f3bek:<\/p>\n\n\n\n<p>&#8211; Gramatura pr\u00f3bki do 100 g<\/p>\n\n\n\n<p>&#8211; Pr\u00f3bki powinny by\u0107 dostarczane w opakowaniach czystych bezwonnych szczelnie zamkni\u0119tych<\/p>\n\n\n\n<p>&#8211; Pr\u00f3bki powinny by\u0107 zabezpieczone w taki spos\u00f3b, aby niemo\u017cliwe by\u0142o otwarcie opakowania bez&nbsp; naruszenia jego zabezpieczenia<\/p>\n\n\n\n<p>&#8211; Pr\u00f3bki powinny by\u0107 opisane zgodnie z dokumentacj\u0105 przekazywan\u0105 przez zleceniodawc\u0119<\/p>\n\n\n\n<p>Materia\u0142 dostarczony do badania:<\/p>\n\n\n\n<p>&#8211;&nbsp; Filary przepony (cz\u0119\u015b\u0107 mi\u0119\u015bniowa przepony od kr\u0119gos\u0142upa do mostka, lewa i prawa cz\u0119\u015b\u0107)<\/p>\n\n\n\n<p>od \u015bwi\u0144 lub dzik\u00f3w<\/p>\n\n\n\n<p>&nbsp;&nbsp;&nbsp;&nbsp; &#8211;&nbsp; Od dzik\u00f3w, &nbsp;w przypadku braku przepony, mi\u0119\u015bnie przedramienia od strony doogonowej od nadgarstka w kierunku \u0142okcia \u2013 n\u00f3\u017c prowadzi\u0107 po ko\u015bci (najwa\u017cniejsze do badania dwa mi\u0119\u015bnie zginacze le\u017c\u0105ce bezpo\u015brednio przy ko\u015bci jeden od strony doogonowej drugi lekko przy\u015brodkowo)<\/p>\n\n\n\n<p><\/p>\n","protected":false},"excerpt":{"rendered":"<p>Godziny przyjmowania pr\u00f3b mi\u0119sa do badania w kierunku w\u0142o\u015bni Powiatowy Lekarz Weterynarii w Wa\u0142brzychu informuje, \u017ce od stycznia br. pr\u00f3by mi\u0119sa na u\u017cytek w\u0142asny do badania w kierunku obecno\u015bci w\u0142o\u015bni przyjmowane b\u0119d\u0105 w siedzibie tutejszego inspektoratu, w pokoju nr 6: \u2022&nbsp;&nbsp;&nbsp;&nbsp;&nbsp;&nbsp;&nbsp;&nbsp;&nbsp;&nbsp;&nbsp;&nbsp; w czwartki od 7.00 do 14.30 oraz \u2022&nbsp;&nbsp;&nbsp;&nbsp;&nbsp;&nbsp;&nbsp;&nbsp;&nbsp;&nbsp;&nbsp;&nbsp; w pi\u0105tki od 7.00 do 8.45 [&hellip;]<\/p>\n","protected":false},"author":1,"featured_media":0,"parent":0,"menu_order":0,"comment_status":"closed","ping_status":"closed","template":"","meta":[],"_links":{"self":[{"href":"http:\/\/piw.walbrzych.pl\/index.php?rest_route=\/wp\/v2\/pages\/693"}],"collection":[{"href":"http:\/\/piw.walbrzych.pl\/index.php?rest_route=\/wp\/v2\/pages"}],"about":[{"href":"http:\/\/piw.walbrzych.pl\/index.php?rest_route=\/wp\/v2\/types\/page"}],"author":[{"embeddable":true,"href":"http:\/\/piw.walbrzych.pl\/index.php?rest_route=\/wp\/v2\/users\/1"}],"replies":[{"embeddable":true,"href":"http:\/\/piw.walbrzych.pl\/index.php?rest_route=%2Fwp%2Fv2%2Fcomments&post=693"}],"version-history":[{"count":5,"href":"http:\/\/piw.walbrzych.pl\/index.php?rest_route=\/wp\/v2\/pages\/693\/revisions"}],"predecessor-version":[{"id":861,"href":"http:\/\/piw.walbrzych.pl\/index.php?rest_route=\/wp\/v2\/pages\/693\/revisions\/861"}],"wp:attachment":[{"href":"http:\/\/piw.walbrzych.pl\/index.php?rest_route=%2Fwp%2Fv2%2Fmedia&parent=693"}],"curies":[{"name":"wp","href":"https:\/\/api.w.org\/{rel}","templated":true}]}}