{"id":670,"date":"2024-06-11T09:33:23","date_gmt":"2024-06-11T07:33:23","guid":{"rendered":"http:\/\/piw.walbrzych.pl\/?page_id=670"},"modified":"2025-05-09T10:55:50","modified_gmt":"2025-05-09T08:55:50","slug":"wscieklizna","status":"publish","type":"page","link":"http:\/\/piw.walbrzych.pl\/?page_id=670","title":{"rendered":"W\u015bcieklizna"},"content":{"rendered":"\n<p><strong><u>ZASZCZEP PSA PRZECIWKO W\u015aCIEKLI\u0179NIE<\/u><\/strong><\/p>\n\n\n\n<p><strong>Powiatowy Lekarz Weterynarii w Wa\u0142brzychu apeluje o<\/strong> <strong>regularne szczepienia ps\u00f3w przeciwko w\u015bciekli\u017anie kt\u00f3re jest jedynym skutecznym sposobem zapobiegania wyst\u0105pieniu i rozprzestrzenianiu si\u0119 w\u015bcieklizny<\/strong>.<\/p>\n\n\n\n<ul><li><a><strong>Psy powy\u017cej 3 miesi\u0105ca \u017cycia<\/strong><\/a> podlegaj\u0105 <strong><u>obowi\u0105zkowemu<\/u><\/strong> ochronnemu szczepieniu przeciwko w\u015bciekli\u017anie.<\/li><li>Obowi\u0105zek ten spoczywa na <strong>posiadaczach<\/strong> ps\u00f3w, kt\u00f3rzy musz\u0105 go wype\u0142ni\u0107 w ci\u0105gu 30 dni od dnia uko\u0144czenia przez psa 3 miesi\u0105ca \u017cycia.<\/li><li>Szczepienia musz\u0105 by\u0107 <strong>powtarzane rokrocznie<\/strong>.<\/li><li>Szczepienia wykonywane s\u0105 w ci\u0105gu ca\u0142ego roku, w zak\u0142adach leczniczych dla zwierz\u0105t przez lekarzy weterynarii \u015bwiadcz\u0105cych tam us\u0142ugi.<\/li><li>Dowodem przeprowadzonego szczepienia jest za\u015bwiadczenie o szczepieniu wydane posiadaczowi psa i wpis do rejestru ps\u00f3w zaszczepionych dokonany przez lekarza weterynarii.<\/li><li><strong>Zaleca si\u0119 <\/strong>szczepienie przeciwko w\u015bciekli\u017anie r\u00f3wnie\u017c kot\u00f3w.<\/li><\/ul>\n\n\n\n<p><strong>Po co szczepimy zwierz\u0119ta przeciwko w\u015bciekli\u017anie?<\/strong><\/p>\n\n\n\n<p><strong>DLA W\u0141ASNEGO BEZPIECZE\u0143STWA.<\/strong><\/p>\n\n\n\n<p><strong>W\u015bcieklizna<\/strong> jest <strong>\u015bmierteln\u0105 chorob\u0105 zaka\u017an\u0105<\/strong> zwierz\u0105t sta\u0142ocieplnych (np. psy, koty, lisy, dziki, sarny), a tak\u017ce cz\u0142owieka.<\/p>\n\n\n\n<p>Chorob\u0119 wywo\u0142uje wirus.<\/p>\n\n\n\n<p>G\u0142\u00f3wnym \u017ar\u00f3d\u0142em zaka\u017cenia s\u0105 zwierz\u0119ta b\u0119d\u0105ce w okresie inkubacji choroby lub chore, wydalaj\u0105ce zarazki ze \u015blin\u0105.<\/p>\n\n\n\n<p>Wirusy w\u015bcieklizny przenoszone s\u0105 przede wszystkim przez lisy i psy.<\/p>\n\n\n\n<p>Zwierz\u0119ta i ludzie ulegaj\u0105 zaka\u017ceniu g\u0142\u00f3wnie poprzez \u015blin\u0119 przy uk\u0105szeniu przez chorego osobnika.<\/p>\n\n\n\n<p>Wirus mo\u017ce dosta\u0107 si\u0119 do rany, nawet przy ma\u0142o zauwa\u017calnym skaleczeniu.<\/p>\n\n\n\n<p><strong>SZCZEPIENIA S\u0104 <u>JEDYN\u0104<\/u> METOD\u0104 SKUTECZNEJ WALKI ZE W\u015aCIEKLIZN\u0104.<\/strong><\/p>\n\n\n\n<div class=\"wp-block-image\"><figure class=\"aligncenter size-full is-resized\"><img loading=\"lazy\" src=\"http:\/\/piw.walbrzych.pl\/wp-content\/uploads\/2025\/05\/Wscieklizna_ULOTKA.jpg\" alt=\"\" class=\"wp-image-795\" width=\"781\" height=\"1104\"\/><\/figure><\/div>\n\n\n\n<div class=\"wp-block-image\"><figure class=\"aligncenter size-full is-resized\"><img loading=\"lazy\" src=\"http:\/\/piw.walbrzych.pl\/wp-content\/uploads\/2025\/05\/Wscieklizna001-1.jpg\" alt=\"\" class=\"wp-image-799\" width=\"877\" height=\"620\"\/><\/figure><\/div>\n\n\n\n<div class=\"wp-block-image\"><figure class=\"aligncenter size-full is-resized\"><img loading=\"lazy\" src=\"http:\/\/piw.walbrzych.pl\/wp-content\/uploads\/2025\/05\/Wscieklizna002.jpg\" alt=\"\" class=\"wp-image-800\" width=\"877\" height=\"620\"\/><\/figure><\/div>\n\n\n\n<p><\/p>\n","protected":false},"excerpt":{"rendered":"<p>ZASZCZEP PSA PRZECIWKO W\u015aCIEKLI\u0179NIE Powiatowy Lekarz Weterynarii w Wa\u0142brzychu apeluje o regularne szczepienia ps\u00f3w przeciwko w\u015bciekli\u017anie kt\u00f3re jest jedynym skutecznym sposobem zapobiegania wyst\u0105pieniu i rozprzestrzenianiu si\u0119 w\u015bcieklizny. Psy powy\u017cej 3 miesi\u0105ca \u017cycia podlegaj\u0105 obowi\u0105zkowemu ochronnemu szczepieniu przeciwko w\u015bciekli\u017anie. Obowi\u0105zek ten spoczywa na posiadaczach ps\u00f3w, kt\u00f3rzy musz\u0105 go wype\u0142ni\u0107 w ci\u0105gu 30 dni od dnia uko\u0144czenia [&hellip;]<\/p>\n","protected":false},"author":1,"featured_media":0,"parent":0,"menu_order":0,"comment_status":"closed","ping_status":"closed","template":"","meta":[],"_links":{"self":[{"href":"http:\/\/piw.walbrzych.pl\/index.php?rest_route=\/wp\/v2\/pages\/670"}],"collection":[{"href":"http:\/\/piw.walbrzych.pl\/index.php?rest_route=\/wp\/v2\/pages"}],"about":[{"href":"http:\/\/piw.walbrzych.pl\/index.php?rest_route=\/wp\/v2\/types\/page"}],"author":[{"embeddable":true,"href":"http:\/\/piw.walbrzych.pl\/index.php?rest_route=\/wp\/v2\/users\/1"}],"replies":[{"embeddable":true,"href":"http:\/\/piw.walbrzych.pl\/index.php?rest_route=%2Fwp%2Fv2%2Fcomments&post=670"}],"version-history":[{"count":6,"href":"http:\/\/piw.walbrzych.pl\/index.php?rest_route=\/wp\/v2\/pages\/670\/revisions"}],"predecessor-version":[{"id":804,"href":"http:\/\/piw.walbrzych.pl\/index.php?rest_route=\/wp\/v2\/pages\/670\/revisions\/804"}],"wp:attachment":[{"href":"http:\/\/piw.walbrzych.pl\/index.php?rest_route=%2Fwp%2Fv2%2Fmedia&parent=670"}],"curies":[{"name":"wp","href":"https:\/\/api.w.org\/{rel}","templated":true}]}}