{"id":63,"date":"2021-10-13T08:52:56","date_gmt":"2021-10-13T06:52:56","guid":{"rendered":"http:\/\/piw.walbrzych.pl\/wordpress\/?page_id=63"},"modified":"2024-06-03T08:57:16","modified_gmt":"2024-06-03T06:57:16","slug":"aktualnosci","status":"publish","type":"page","link":"http:\/\/piw.walbrzych.pl\/?page_id=63","title":{"rendered":"Aktualno\u015bci"},"content":{"rendered":"\n<p><\/p>\n\n\n\n<p><\/p>\n\n\n\n<p><\/p>\n\n\n<ul class=\"wp-block-latest-posts__list wp-block-latest-posts\"><li><a href=\"http:\/\/piw.walbrzych.pl\/?p=889\">USTAWA O ZDROWIU ZWIERZ\u0104T<\/a><\/li>\n<li><a href=\"http:\/\/piw.walbrzych.pl\/?p=878\">BADANIE MI\u0118SA NA OBECNO\u015a\u0106 W\u0141O\u015aNI<\/a><\/li>\n<li><a href=\"http:\/\/piw.walbrzych.pl\/?p=857\">Godziny przyjmowania pr\u00f3b mi\u0119sa do badania w kierunku w\u0142o\u015bni<\/a><\/li>\n<li><a href=\"http:\/\/piw.walbrzych.pl\/?p=854\">Ub\u00f3j na u\u017cytek w\u0142asny &#8211; poradnik<\/a><\/li>\n<li><a href=\"http:\/\/piw.walbrzych.pl\/?p=768\">Wniosek o wydanie za\u015bwiadczenia o przezimowanych rodzinach pszczelich (aktualizacja 2026)<\/a><\/li>\n<\/ul>\n\n\n<p><\/p>\n\n\n\n<p><\/p>\n","protected":false},"excerpt":{"rendered":"","protected":false},"author":1,"featured_media":0,"parent":0,"menu_order":0,"comment_status":"closed","ping_status":"closed","template":"","meta":[],"_links":{"self":[{"href":"http:\/\/piw.walbrzych.pl\/index.php?rest_route=\/wp\/v2\/pages\/63"}],"collection":[{"href":"http:\/\/piw.walbrzych.pl\/index.php?rest_route=\/wp\/v2\/pages"}],"about":[{"href":"http:\/\/piw.walbrzych.pl\/index.php?rest_route=\/wp\/v2\/types\/page"}],"author":[{"embeddable":true,"href":"http:\/\/piw.walbrzych.pl\/index.php?rest_route=\/wp\/v2\/users\/1"}],"replies":[{"embeddable":true,"href":"http:\/\/piw.walbrzych.pl\/index.php?rest_route=%2Fwp%2Fv2%2Fcomments&post=63"}],"version-history":[{"count":4,"href":"http:\/\/piw.walbrzych.pl\/index.php?rest_route=\/wp\/v2\/pages\/63\/revisions"}],"predecessor-version":[{"id":662,"href":"http:\/\/piw.walbrzych.pl\/index.php?rest_route=\/wp\/v2\/pages\/63\/revisions\/662"}],"wp:attachment":[{"href":"http:\/\/piw.walbrzych.pl\/index.php?rest_route=%2Fwp%2Fv2%2Fmedia&parent=63"}],"curies":[{"name":"wp","href":"https:\/\/api.w.org\/{rel}","templated":true}]}}