{"id":615,"date":"2025-11-14T07:00:00","date_gmt":"2025-11-14T06:00:00","guid":{"rendered":"http:\/\/piw.walbrzych.pl\/?page_id=615"},"modified":"2025-11-14T07:25:00","modified_gmt":"2025-11-14T06:25:00","slug":"asf-w-powiecie","status":"publish","type":"page","link":"http:\/\/piw.walbrzych.pl\/?page_id=615","title":{"rendered":"ASF w powiecie"},"content":{"rendered":"\n<p>Zgodnie z rozporz\u0105dzeniem wykonawczym Komisji (UE) 2025\/2189 z dnia 23 pa\u017adziernika 2025 r. zmieniaj\u0105cym za\u0142\u0105czniki do rozporz\u0105dzenia wykonawczego Komisji (UE) 2023\/594 w odniesieniu do regionalizacji&nbsp;&nbsp; w zwi\u0105zku z afryka\u0144skim pomorem \u015bwi\u0144 (ASF), z dniem 28 pa\u017adziernika 2025 r. teren powiatu wa\u0142brzyskiego oraz miasta Wa\u0142brzycha zosta\u0142 przeniesiony z obszaru obj\u0119tego ograniczeniami II do obszaru obj\u0119tego ograniczeniami I.<\/p>\n\n\n\n<p>W zwi\u0105zku ze zmian\u0105 regionalizacji dziki odstrzelone na obszarze obj\u0119tym ograniczeniami I (strefa pierwsza), po uzyskaniu ujemnego wyniku badania laboratoryjnego w kierunku ASF, mog\u0105 by\u0107 przekazywane do zatwierdzonych punkt\u00f3w skupu dziczyzny lub zak\u0142ad\u00f3w obr\u00f3bki dziczyzny, zgodnie z obowi\u0105zuj\u0105cymi przepisami weterynaryjnymi. Oznacza to zniesienie dotychczasowego ograniczenia obowi\u0105zuj\u0105cego w strefie drugiej, gdzie tusze dzik\u00f3w mog\u0142y by\u0107 przeznaczone wy\u0142\u0105cznie na u\u017cytek w\u0142asny lub podlega\u0142y utylizacji na koszt Inspekcji Weterynaryjnej w przypadku nieprzej\u0119cia przez my\u015bliwego. Pozosta\u0142e zasady post\u0119powania z tuszami dzik\u00f3w oraz zasady odp\u0142atno\u015bci dla k\u00f3\u0142 \u0142owieckich i my\u015bliwych pozostaj\u0105 bez zmian, w szczeg\u00f3lno\u015bci:<\/p>\n\n\n\n<ul><li>obowi\u0105zek dostarczenia ka\u017cdej tuszy dzika do wyznaczonego punktu przetrzymywania tusz (PPT) w stanie niepatroszonym,<\/li><li>obowi\u0105zek pobrania pr\u00f3bek w kierunku ASF i oczekiwania na wynik ujemny przed wydaniem tuszy z PPT,<\/li><li>zachowanie wymog\u00f3w bioasekuracji przy transporcie, magazynowaniu i post\u0119powaniu z tuszami oraz patrochami,<\/li><li>wsp\u00f3\u0142praca z Powiatowym Lekarzem Weterynarii w zakresie planowania i sprawozdawczo\u015bci z realizacji odstrza\u0142\u00f3w.<\/li><\/ul>\n\n\n\n<hr class=\"wp-block-separator\"\/>\n\n\n\n<p>W zwi\u0105zku z potwierdzeniem w dniu 24 pa\u017adziernika 2023 r. \u00a0obecno\u015bci wirusa afryka\u0144skiego pomoru \u015bwi\u0144 u dzik\u00f3w (ASF) ma terenie powiatu wa\u0142brzyskiego w miejscowo\u015bci Dzie\u0107morowice, gmina Walim,\u00a0 na obszarze obj\u0119tym ograniczeniami II (strefa r\u00f3\u017cowa) u odstrzelonego dzika, \u00a0Inspekcja Weterynaryjna \u00a0przypomina \u00a0o zasadach bioasekuracji my\u015bliwych w czasie polowa\u0144 okre\u015blonych w:<\/p>\n\n\n\n<p><br>1. Rozporz\u0105dzeniu Ministra Rolnictwa i Rozwoju Wsi z dnia 30 stycznia 2020 r. w sprawie zasad bioasekuracji, &nbsp;&nbsp;jakie &nbsp;powinny &nbsp;by\u0107 &nbsp;przestrzegane&nbsp; &nbsp;podczas &nbsp;polowania &nbsp;lub &nbsp;odstrza\u0142u sanitarnego oraz przy wykonywaniu czynno\u015bci zwi\u0105zanych z zagospodarowaniem zwierz\u0119cia \u0142ownego z gatunku dzik (Dz. U. 2020 poz. 160);<\/p>\n\n\n\n<p>2. Za\u0142\u0105czniku do Rozporz\u0105dzeniu Ministra Rolnictwa z dnia 1 marca 2023 r. w sprawie wprowadzenia w 2023 r. na terytorium Rzeczypospolitej Polskiej \u201eProgramu maj\u0105cego na celu wczesne wykrycie zaka\u017ce\u0144 wirusem wywo\u0142uj\u0105cym afryka\u0144ski pom\u00f3r \u015bwi\u0144 i poszerzenie&nbsp;wiedzy na temat tej choroby oraz jej zwalczanie\u201d (D. U. 2023 poz. 517).<br><br><\/p>\n\n\n\n<p>Na obszarach obj\u0119tych nakazami, zakazami lub ograniczeniami oraz innymi \u015brodkami kontroli lub ochronnymi, ustanowionymi w zwi\u0105zku z wyst\u0105pieniem afryka\u0144skiego pomoru \u015bwi\u0144, zgodnie z przepisami o ochronie zdrowia zwierz\u0105t oraz zwalczaniu chor\u00f3b zaka\u017anych zwierz\u0105t oraz przepisami Unii Europejskiej wydanymi w tym zakresie podczas polowania lub odstrza\u0142u sanitarnego dzik\u00f3w u\u017cywa si\u0119:<\/p>\n\n\n\n<p>&#8211;&nbsp; oczyszczonego i odka\u017conego sprz\u0119tu oraz obuwia,<\/p>\n\n\n\n<p>&#8211;&nbsp; odzie\u017cy poddanej procesowi maj\u0105cemu na celu inaktywacj\u0119 wirusa afryka\u0144skiego pomoru \u015bwi\u0144;<br><br><\/p>\n\n\n\n<p>Podczas wykonywania czynno\u015bci zwi\u0105zanych z zagospodarowaniem pozyskanych dzik\u00f3w nale\u017cy:<\/p>\n\n\n\n<p>&#8211; zachowa\u0107 zasady higieny niezb\u0119dne do ograniczenia ryzyka rozprzestrzeniania si\u0119 afryka\u0144skiego pomoru \u015bwi\u0144, w szczeg\u00f3lno\u015bci my\u0107 i odka\u017ca\u0107 r\u0119ce oraz obuwie,<\/p>\n\n\n\n<p>&#8211;&nbsp; transportowa\u0107 odstrzelone dziki wraz ze wszystkimi ich cz\u0119\u015bciami, w tym narz\u0105dami wewn\u0119trznymi, w szczelnych pojemnikach lub workach,<\/p>\n\n\n\n<p>&#8211; dokona\u0107 czyszczenia i odka\u017cenia przedmiot\u00f3w, kt\u00f3re mog\u0105 spowodowa\u0107 rozprzestrzenianie si\u0119 afryka\u0144skiego pomoru \u015bwi\u0144, w tym narz\u0119dzi i no\u017cy u\u017cywanych podczas patroszenia odstrzelonych dzik\u00f3w,<\/p>\n\n\n\n<p>&#8211; przeprowadzi\u0107 po ka\u017cdym transporcie mycie i odka\u017canie \u015brodka transportu oraz pojemnik\u00f3w,<br>&nbsp;w kt\u00f3rych znajdowa\u0142y si\u0119 odstrzelone dziki lub ich cz\u0119\u015bci,<\/p>\n\n\n\n<p>&#8211; przechowywa\u0107 tusze i wszystkie cz\u0119\u015bci cia\u0142a odstrzelonych dzik\u00f3w w spos\u00f3b zapobiegaj\u0105cy bezpo\u015bredniemu kontaktowi z tuszami i cz\u0119\u015bciami cia\u0142a pozosta\u0142ych gatunk\u00f3w zwierz\u0105t \u0142ownych.<\/p>\n\n\n\n<p>Ponadto Ka\u017cdy odstrzelony dzik na obszarze obj\u0119tym ograniczeniami II jest niewypatroszony, w ca\u0142o\u015bci, niezw\u0142ocznie dostarczany do po\u0142o\u017conego na tym samym obszarze punktu przetrzymywania tusz&nbsp; nadzorowanego przez organ Inspekcji Weterynaryjnej, w kt\u00f3rym mog\u0105 by\u0107 przechowywane tusze lub sk\u00f3ry dzik\u00f3w. Patroszenie odstrzelonych dzik\u00f3w w strefie II mo\u017ce zosta\u0107 przeprowadzone jedynie na terenie punktu przetrzymywania tusz na powierzchni nadaj\u0105cej si\u0119 do mycia i odka\u017cania lub materiale nieprzepuszczalnym, kt\u00f3ry po wykorzystaniu zostanie unieszkodliwiony, a po wykonaniu tych czynno\u015bci nale\u017cy przeprowadzi\u0107 odka\u017canie miejsca patroszenia oraz innych miejsc zanieczyszczonych krwi\u0105, wydzielinami lub wydalinami odstrzelonych dzik\u00f3w.<\/p>\n\n\n\n<p>Jednocze\u015bnie prosi si\u0119 o zwracanie uwagi na zwi\u0119kszon\u0105 upadkowo\u015b\u0107 dzik\u00f3w na terenach u\u017cytkowanych przez ko\u0142a \u0142owieckie i w razie jej stwierdzenia, o informowanie o tym fakcie Inspekcji Weterynaryjnej.<\/p>\n\n\n\n<div class=\"wp-block-image\"><figure class=\"aligncenter size-full\"><a href=\"https:\/\/bip.wetgiw.gov.pl\/asf\/mapa\/\" target=\"_blank\" rel=\"noopener\"><img loading=\"lazy\" width=\"300\" height=\"204\" src=\"http:\/\/piw.walbrzych.pl\/wp-content\/uploads\/2025\/01\/mapa-pogladowa-asf.jpg\" alt=\"\" class=\"wp-image-754\"\/><\/a><figcaption>Mapa ognisk ASF w Polsce oraz aktualny zasi\u0119g obszar\u00f3w obj\u0119tych ograniczeniami<\/figcaption><\/figure><\/div>\n","protected":false},"excerpt":{"rendered":"<p>Zgodnie z rozporz\u0105dzeniem wykonawczym Komisji (UE) 2025\/2189 z dnia 23 pa\u017adziernika 2025 r. zmieniaj\u0105cym za\u0142\u0105czniki do rozporz\u0105dzenia wykonawczego Komisji (UE) 2023\/594 w odniesieniu do regionalizacji&nbsp;&nbsp; w zwi\u0105zku z afryka\u0144skim pomorem \u015bwi\u0144 (ASF), z dniem 28 pa\u017adziernika 2025 r. teren powiatu wa\u0142brzyskiego oraz miasta Wa\u0142brzycha zosta\u0142 przeniesiony z obszaru obj\u0119tego ograniczeniami II do obszaru obj\u0119tego ograniczeniami [&hellip;]<\/p>\n","protected":false},"author":1,"featured_media":0,"parent":0,"menu_order":0,"comment_status":"closed","ping_status":"closed","template":"","meta":[],"_links":{"self":[{"href":"http:\/\/piw.walbrzych.pl\/index.php?rest_route=\/wp\/v2\/pages\/615"}],"collection":[{"href":"http:\/\/piw.walbrzych.pl\/index.php?rest_route=\/wp\/v2\/pages"}],"about":[{"href":"http:\/\/piw.walbrzych.pl\/index.php?rest_route=\/wp\/v2\/types\/page"}],"author":[{"embeddable":true,"href":"http:\/\/piw.walbrzych.pl\/index.php?rest_route=\/wp\/v2\/users\/1"}],"replies":[{"embeddable":true,"href":"http:\/\/piw.walbrzych.pl\/index.php?rest_route=%2Fwp%2Fv2%2Fcomments&post=615"}],"version-history":[{"count":7,"href":"http:\/\/piw.walbrzych.pl\/index.php?rest_route=\/wp\/v2\/pages\/615\/revisions"}],"predecessor-version":[{"id":838,"href":"http:\/\/piw.walbrzych.pl\/index.php?rest_route=\/wp\/v2\/pages\/615\/revisions\/838"}],"wp:attachment":[{"href":"http:\/\/piw.walbrzych.pl\/index.php?rest_route=%2Fwp%2Fv2%2Fmedia&parent=615"}],"curies":[{"name":"wp","href":"https:\/\/api.w.org\/{rel}","templated":true}]}}