{"id":59,"date":"2021-10-13T08:52:56","date_gmt":"2021-10-13T06:52:56","guid":{"rendered":"http:\/\/piw.walbrzych.pl\/wordpress\/?page_id=59"},"modified":"2025-05-06T10:18:01","modified_gmt":"2025-05-06T08:18:01","slug":"sprawozdania","status":"publish","type":"page","link":"http:\/\/piw.walbrzych.pl\/?page_id=59","title":{"rendered":"Sprawozdania"},"content":{"rendered":"\n<h2><strong>Sp<\/strong>rawozdanie finansowe za 2024 rok:<\/h2>\n\n\n\n<div class=\"wp-block-file\"><object class=\"wp-block-file__embed\" data=\"https:\/\/piw.walbrzych.pl\/wp-content\/uploads\/2025\/05\/Bilans.pdf\" type=\"application\/pdf\" style=\"width:100%;height:600px\" aria-label=\"Osadzone z Bilans.\"><\/object><a href=\"https:\/\/piw.walbrzych.pl\/wp-content\/uploads\/2025\/05\/Bilans.pdf\">Bilans<\/a><a href=\"https:\/\/piw.walbrzych.pl\/wp-content\/uploads\/2025\/05\/Bilans.pdf\" class=\"wp-block-file__button\" download>Pobierz<\/a><\/div>\n\n\n\n<div class=\"wp-block-file\"><object class=\"wp-block-file__embed\" data=\"https:\/\/piw.walbrzych.pl\/wp-content\/uploads\/2025\/05\/Informacja-dodatkowa.pdf\" type=\"application\/pdf\" style=\"width:100%;height:600px\" aria-label=\"Osadzone z Informacja-dodatkowa.\"><\/object><a href=\"https:\/\/piw.walbrzych.pl\/wp-content\/uploads\/2025\/05\/Informacja-dodatkowa.pdf\">Informacja-dodatkowa<\/a><a href=\"https:\/\/piw.walbrzych.pl\/wp-content\/uploads\/2025\/05\/Informacja-dodatkowa.pdf\" class=\"wp-block-file__button\" download>Pobierz<\/a><\/div>\n\n\n\n<div class=\"wp-block-file\"><object class=\"wp-block-file__embed\" data=\"https:\/\/piw.walbrzych.pl\/wp-content\/uploads\/2025\/05\/Rachunek-zyskow-i-strat.pdf\" type=\"application\/pdf\" style=\"width:100%;height:600px\" aria-label=\"Osadzone z Rachunek-zyskow-i-strat.\"><\/object><a href=\"https:\/\/piw.walbrzych.pl\/wp-content\/uploads\/2025\/05\/Rachunek-zyskow-i-strat.pdf\">Rachunek-zyskow-i-strat<\/a><a href=\"https:\/\/piw.walbrzych.pl\/wp-content\/uploads\/2025\/05\/Rachunek-zyskow-i-strat.pdf\" class=\"wp-block-file__button\" download>Pobierz<\/a><\/div>\n\n\n\n<div class=\"wp-block-file\"><object class=\"wp-block-file__embed\" data=\"https:\/\/piw.walbrzych.pl\/wp-content\/uploads\/2025\/05\/Zestawienie-zmian-w-funduszu.pdf\" type=\"application\/pdf\" style=\"width:100%;height:600px\" aria-label=\"Osadzone z Zestawienie-zmian-w-funduszu.\"><\/object><a href=\"https:\/\/piw.walbrzych.pl\/wp-content\/uploads\/2025\/05\/Zestawienie-zmian-w-funduszu.pdf\">Zestawienie-zmian-w-funduszu<\/a><a href=\"https:\/\/piw.walbrzych.pl\/wp-content\/uploads\/2025\/05\/Zestawienie-zmian-w-funduszu.pdf\" class=\"wp-block-file__button\" download>Pobierz<\/a><\/div>\n\n\n\n<h2>Sprawozdanie finansowe za 2023<\/h2>\n\n\n\n<div class=\"wp-block-file\"><object class=\"wp-block-file__embed\" data=\"http:\/\/piw.walbrzych.pl\/wp-content\/uploads\/2024\/05\/Bilans.pdf\" type=\"application\/pdf\" style=\"width:100%;height:600px\" aria-label=\"Osadzone z Bilans.\"><\/object><a href=\"http:\/\/piw.walbrzych.pl\/wp-content\/uploads\/2024\/05\/Bilans.pdf\">Bilans<\/a><a href=\"http:\/\/piw.walbrzych.pl\/wp-content\/uploads\/2024\/05\/Bilans.pdf\" class=\"wp-block-file__button\" download>Pobierz<\/a><\/div>\n\n\n\n<div class=\"wp-block-file\"><object class=\"wp-block-file__embed\" data=\"http:\/\/piw.walbrzych.pl\/wp-content\/uploads\/2024\/05\/Informacja-d.pdf\" type=\"application\/pdf\" style=\"width:100%;height:600px\" aria-label=\"Osadzone z Informacja-d.\"><\/object><a href=\"http:\/\/piw.walbrzych.pl\/wp-content\/uploads\/2024\/05\/Informacja-d.pdf\">Informacja-d<\/a><a href=\"http:\/\/piw.walbrzych.pl\/wp-content\/uploads\/2024\/05\/Informacja-d.pdf\" class=\"wp-block-file__button\" download>Pobierz<\/a><\/div>\n\n\n\n<div class=\"wp-block-file\"><object class=\"wp-block-file__embed\" data=\"http:\/\/piw.walbrzych.pl\/wp-content\/uploads\/2024\/05\/Rachunek-zyskow-i-strat.pdf\" type=\"application\/pdf\" style=\"width:100%;height:600px\" aria-label=\"Osadzone z Rachunek-zyskow-i-strat.\"><\/object><a href=\"http:\/\/piw.walbrzych.pl\/wp-content\/uploads\/2024\/05\/Rachunek-zyskow-i-strat.pdf\">Rachunek-zyskow-i-strat<\/a><a href=\"http:\/\/piw.walbrzych.pl\/wp-content\/uploads\/2024\/05\/Rachunek-zyskow-i-strat.pdf\" class=\"wp-block-file__button\" download>Pobierz<\/a><\/div>\n\n\n\n<div class=\"wp-block-file\"><object class=\"wp-block-file__embed\" data=\"http:\/\/piw.walbrzych.pl\/wp-content\/uploads\/2024\/05\/Zestawienie-zmian-w-funduszu.pdf\" type=\"application\/pdf\" style=\"width:100%;height:600px\" aria-label=\"Osadzone z Zestawienie-zmian-w-funduszu.\"><\/object><a href=\"http:\/\/piw.walbrzych.pl\/wp-content\/uploads\/2024\/05\/Zestawienie-zmian-w-funduszu.pdf\">Zestawienie-zmian-w-funduszu<\/a><a href=\"http:\/\/piw.walbrzych.pl\/wp-content\/uploads\/2024\/05\/Zestawienie-zmian-w-funduszu.pdf\" class=\"wp-block-file__button\" download>Pobierz<\/a><\/div>\n\n\n\n<h2>Sprawozdania RRW<\/h2>\n\n\n\n<p>za 2022 r do pobrania wkr\u00f3tce:<\/p>\n\n\n\n<ul><li>RRW3<\/li><li>RRW5<\/li><li>RRW6<\/li><\/ul>\n\n\n\n<p><\/p>\n\n\n\n<p>za 2021 r do pobrania:<\/p>\n\n\n\n<div class=\"wp-block-file\"><a href=\"http:\/\/piw.walbrzych.pl\/wp-content\/uploads\/2022\/06\/RRW3_Dz-3-1.xlsx\">RRW3_Dz-3-1<\/a><a href=\"http:\/\/piw.walbrzych.pl\/wp-content\/uploads\/2022\/06\/RRW3_Dz-3-1.xlsx\" class=\"wp-block-file__button\" download>Pobierz<\/a><\/div>\n\n\n\n<div class=\"wp-block-file\"><a href=\"http:\/\/piw.walbrzych.pl\/wp-content\/uploads\/2022\/06\/RRW3_Dz1a.xlsx\">RRW3_Dz1a<\/a><a href=\"http:\/\/piw.walbrzych.pl\/wp-content\/uploads\/2022\/06\/RRW3_Dz1a.xlsx\" class=\"wp-block-file__button\" download>Pobierz<\/a><\/div>\n\n\n\n<div class=\"wp-block-file\"><a href=\"http:\/\/piw.walbrzych.pl\/wp-content\/uploads\/2022\/06\/RRW3-Dz1b.xlsx\">RRW3-Dz1b<\/a><a href=\"http:\/\/piw.walbrzych.pl\/wp-content\/uploads\/2022\/06\/RRW3-Dz1b.xlsx\" class=\"wp-block-file__button\" download>Pobierz<\/a><\/div>\n\n\n\n<div class=\"wp-block-file\"><a href=\"http:\/\/piw.walbrzych.pl\/wp-content\/uploads\/2022\/06\/RRW3-Dz1d.xlsx\">RRW3-Dz1d<\/a><a href=\"http:\/\/piw.walbrzych.pl\/wp-content\/uploads\/2022\/06\/RRW3-Dz1d.xlsx\" class=\"wp-block-file__button\" download>Pobierz<\/a><\/div>\n\n\n\n<div class=\"wp-block-file\"><a href=\"http:\/\/piw.walbrzych.pl\/wp-content\/uploads\/2023\/02\/RRW_5_za_2021-2.xlsx\">RRW_5_za_2021-2<\/a><a href=\"http:\/\/piw.walbrzych.pl\/wp-content\/uploads\/2023\/02\/RRW_5_za_2021-2.xlsx\" class=\"wp-block-file__button\" download>Pobierz<\/a><\/div>\n\n\n\n<div class=\"wp-block-file\"><a href=\"http:\/\/piw.walbrzych.pl\/wp-content\/uploads\/2023\/02\/RRW_6_za_2021.xlsx\">RRW_6_za_2021<\/a><a href=\"http:\/\/piw.walbrzych.pl\/wp-content\/uploads\/2023\/02\/RRW_6_za_2021.xlsx\" class=\"wp-block-file__button\" download>Pobierz<\/a><\/div>\n\n\n\n<p>za 2020 r do pobrania:<br><\/p>\n\n\n\n<p><a rel=\"noreferrer noopener\" href=\"http:\/\/piw.walbrzych.pl\/pliki_TMP\/RRW2020\/RRW3_Dz1.xlsx\" target=\"_blank\">RRW3 Dzia\u0142 1 (plik XLSX &#8211; 10kB)<\/a><\/p>\n\n\n\n<p><a rel=\"noreferrer noopener\" href=\"http:\/\/piw.walbrzych.pl\/pliki_TMP\/RRW2020\/RRW3_Dz1a.xlsx\" target=\"_blank\">RRW3 Dzia\u0142 1a (plik XLSX &#8211; 10kB)<\/a><\/p>\n\n\n\n<p><a rel=\"noreferrer noopener\" href=\"http:\/\/piw.walbrzych.pl\/pliki_TMP\/RRW2020\/RRW3_Dz1b.xlsx\" target=\"_blank\">RRW3 Dzia\u0142 1b (plik XLSX &#8211; 10kB)<\/a><\/p>\n\n\n\n<p><a rel=\"noreferrer noopener\" href=\"http:\/\/piw.walbrzych.pl\/pliki_TMP\/RRW2020\/RRW3_Dz1d.xlsx\" target=\"_blank\">RRW3 Dzia\u0142 1d (plik XLSX &#8211; 10kB)<\/a><\/p>\n\n\n\n<p><a rel=\"noreferrer noopener\" href=\"http:\/\/piw.walbrzych.pl\/pliki_TMP\/RRW2020\/RRW3_Dz 3.xlsx\" target=\"_blank\">RRW3 Dzia\u0142 3 (plik XLSX &#8211; 10kB)<\/a><\/p>\n\n\n\n<p><a rel=\"noreferrer noopener\" href=\"http:\/\/piw.walbrzych.pl\/pliki_TMP\/RRW2020\/RRW5_1-4.xlsx\" target=\"_blank\">RRW5 Zakres 1-4 (plik XLSX &#8211; 10kB)<\/a><\/p>\n\n\n\n<p><a rel=\"noreferrer noopener\" href=\"http:\/\/piw.walbrzych.pl\/pliki_TMP\/RRW2020\/RRW5_5-15.xlsx\" target=\"_blank\">RRW5 Zakres 5-15 (plik XLSX &#8211; 10kB)<\/a><\/p>\n\n\n\n<p><a rel=\"noreferrer noopener\" href=\"http:\/\/piw.walbrzych.pl\/pliki_TMP\/RRW2020\/RRW5_16-26.xlsx\" target=\"_blank\">RRW5 Zakres 16-26 (plik XLSX &#8211; 10kB)<\/a><\/p>\n\n\n\n<p><a rel=\"noreferrer noopener\" href=\"http:\/\/piw.walbrzych.pl\/pliki_TMP\/RRW2020\/RRW5_27-37.xlsx\" target=\"_blank\">RRW5 Zakres 27-37 (plik XLSX &#8211; 10kB)<\/a><\/p>\n\n\n\n<p><a rel=\"noreferrer noopener\" href=\"http:\/\/piw.walbrzych.pl\/pliki_TMP\/RRW2020\/RRW6_dz1.xlsx\" target=\"_blank\">RRW6 Dzia\u0142 1 (plik XLSX &#8211; 10kB)<\/a><\/p>\n\n\n\n<p><a rel=\"noreferrer noopener\" href=\"http:\/\/piw.walbrzych.pl\/pliki_TMP\/RRW2020\/RRW6_dz2.xlsx\" target=\"_blank\">RRW6 Dzia\u0142 2 (plik XLSX &#8211; 10kB)<\/a><\/p>\n\n\n\n<p><a rel=\"noreferrer noopener\" href=\"http:\/\/piw.walbrzych.pl\/pliki_TMP\/RRW2020\/RRW6_dz3.xlsx\" target=\"_blank\">RRW6 Dzia\u0142 3 (plik XLSX &#8211; 10kB)<\/a><\/p>\n\n\n\n<p><a rel=\"noreferrer noopener\" href=\"http:\/\/piw.walbrzych.pl\/pliki_TMP\/RRW2020\/RRW6_dz4.xlsx\" target=\"_blank\">RRW6 Dzia\u0142 6 (plik XLSX &#8211; 10kB)<\/a><\/p>\n\n\n\n<p><\/p>\n\n\n\n<p><\/p>\n\n\n\n<p><\/p>\n\n\n\n<hr class=\"wp-block-separator\"\/>\n\n\n\n<h2>Sprawozdania finansowe<\/h2>\n\n\n\n<p>Sprawozdanie finansowe za 2022 r  <\/p>\n\n\n\n<div class=\"wp-block-file\"><object class=\"wp-block-file__embed\" data=\"http:\/\/piw.walbrzych.pl\/wp-content\/uploads\/2023\/05\/Bilans.pdf\" type=\"application\/pdf\" style=\"width:100%;height:600px\" aria-label=\"Osadzone z Bilans.\"><\/object><a href=\"http:\/\/piw.walbrzych.pl\/wp-content\/uploads\/2023\/05\/Bilans.pdf\">Bilans<\/a><a href=\"http:\/\/piw.walbrzych.pl\/wp-content\/uploads\/2023\/05\/Bilans.pdf\" class=\"wp-block-file__button\" download>Pobierz<\/a><\/div>\n\n\n\n<div class=\"wp-block-file\"><object class=\"wp-block-file__embed\" data=\"http:\/\/piw.walbrzych.pl\/wp-content\/uploads\/2023\/05\/OA.pdf\" type=\"application\/pdf\" style=\"width:100%;height:600px\" aria-label=\"Osadzone z OA.\"><\/object><a href=\"http:\/\/piw.walbrzych.pl\/wp-content\/uploads\/2023\/05\/OA.pdf\">OA<\/a><a href=\"http:\/\/piw.walbrzych.pl\/wp-content\/uploads\/2023\/05\/OA.pdf\" class=\"wp-block-file__button\" download>Pobierz<\/a><\/div>\n\n\n\n<div class=\"wp-block-file\"><object class=\"wp-block-file__embed\" data=\"http:\/\/piw.walbrzych.pl\/wp-content\/uploads\/2023\/05\/Rachunek-zyskow-i-strat.pdf\" type=\"application\/pdf\" style=\"width:100%;height:600px\" aria-label=\"Osadzone z Rachunek-zyskow-i-strat.\"><\/object><a href=\"http:\/\/piw.walbrzych.pl\/wp-content\/uploads\/2023\/05\/Rachunek-zyskow-i-strat.pdf\">Rachunek-zyskow-i-strat<\/a><a href=\"http:\/\/piw.walbrzych.pl\/wp-content\/uploads\/2023\/05\/Rachunek-zyskow-i-strat.pdf\" class=\"wp-block-file__button\" download>Pobierz<\/a><\/div>\n\n\n\n<div class=\"wp-block-file\"><object class=\"wp-block-file__embed\" data=\"http:\/\/piw.walbrzych.pl\/wp-content\/uploads\/2023\/05\/Zestawienie-zmian-w-funduszu.pdf\" type=\"application\/pdf\" style=\"width:100%;height:600px\" aria-label=\"Osadzone z Zestawienie-zmian-w-funduszu.\"><\/object><a href=\"http:\/\/piw.walbrzych.pl\/wp-content\/uploads\/2023\/05\/Zestawienie-zmian-w-funduszu.pdf\">Zestawienie-zmian-w-funduszu<\/a><a href=\"http:\/\/piw.walbrzych.pl\/wp-content\/uploads\/2023\/05\/Zestawienie-zmian-w-funduszu.pdf\" class=\"wp-block-file__button\" download>Pobierz<\/a><\/div>\n\n\n\n<p><\/p>\n\n\n\n<p><\/p>\n\n\n\n<p>Sprawozdanie finansowe za 2021 r <\/p>\n\n\n\n<div class=\"wp-block-file\"><object class=\"wp-block-file__embed\" data=\"http:\/\/piw.walbrzych.pl\/wp-content\/uploads\/2022\/05\/Bilans2021.pdf\" type=\"application\/pdf\" style=\"width:100%;height:600px\" aria-label=\"Osadzone z Bilans2021.\"><\/object><a href=\"http:\/\/piw.walbrzych.pl\/wp-content\/uploads\/2022\/05\/Bilans2021.pdf\">Bilans2021<\/a><a href=\"http:\/\/piw.walbrzych.pl\/wp-content\/uploads\/2022\/05\/Bilans2021.pdf\" class=\"wp-block-file__button\" download>Pobierz<\/a><\/div>\n\n\n\n<div class=\"wp-block-file\"><object class=\"wp-block-file__embed\" data=\"http:\/\/piw.walbrzych.pl\/wp-content\/uploads\/2022\/05\/Informacja-dodatkowa-jednostkowa-Roczny-2021.pdf\" type=\"application\/pdf\" style=\"width:100%;height:600px\" aria-label=\"Osadzone z Informacja-dodatkowa-jednostkowa-Roczny-2021.\"><\/object><a href=\"http:\/\/piw.walbrzych.pl\/wp-content\/uploads\/2022\/05\/Informacja-dodatkowa-jednostkowa-Roczny-2021.pdf\">Informacja-dodatkowa-jednostkowa-Roczny-2021<\/a><a href=\"http:\/\/piw.walbrzych.pl\/wp-content\/uploads\/2022\/05\/Informacja-dodatkowa-jednostkowa-Roczny-2021.pdf\" class=\"wp-block-file__button\" download>Pobierz<\/a><\/div>\n\n\n\n<div class=\"wp-block-file\"><object class=\"wp-block-file__embed\" data=\"http:\/\/piw.walbrzych.pl\/wp-content\/uploads\/2022\/05\/Rachunek-zyskow-i-strat-jednostkowy-Roczny-2021.pdf\" type=\"application\/pdf\" style=\"width:100%;height:600px\" aria-label=\"Osadzone z Rachunek-zyskow-i-strat-jednostkowy-Roczny-2021.\"><\/object><a href=\"http:\/\/piw.walbrzych.pl\/wp-content\/uploads\/2022\/05\/Rachunek-zyskow-i-strat-jednostkowy-Roczny-2021.pdf\">Rachunek-zyskow-i-strat-jednostkowy-Roczny-2021<\/a><a href=\"http:\/\/piw.walbrzych.pl\/wp-content\/uploads\/2022\/05\/Rachunek-zyskow-i-strat-jednostkowy-Roczny-2021.pdf\" class=\"wp-block-file__button\" download>Pobierz<\/a><\/div>\n\n\n\n<div class=\"wp-block-file\"><object class=\"wp-block-file__embed\" data=\"http:\/\/piw.walbrzych.pl\/wp-content\/uploads\/2022\/05\/Zestawienie-zmian-w-funduszu-jednostkowe-Roczny-2021.pdf\" type=\"application\/pdf\" style=\"width:100%;height:600px\" aria-label=\"Osadzone z Zestawienie-zmian-w-funduszu-jednostkowe-Roczny-2021.\"><\/object><a href=\"http:\/\/piw.walbrzych.pl\/wp-content\/uploads\/2022\/05\/Zestawienie-zmian-w-funduszu-jednostkowe-Roczny-2021.pdf\">Zestawienie-zmian-w-funduszu-jednostkowe-Roczny-2021<\/a><a href=\"http:\/\/piw.walbrzych.pl\/wp-content\/uploads\/2022\/05\/Zestawienie-zmian-w-funduszu-jednostkowe-Roczny-2021.pdf\" class=\"wp-block-file__button\" download>Pobierz<\/a><\/div>\n\n\n\n<hr class=\"wp-block-separator\"\/>\n\n\n\n<p>Sprawozdanie finansowe za 2020 r do pobrania: <a rel=\"noreferrer noopener\" href=\"http:\/\/piw.walbrzych.pl\/pliki_TMP\/Sprawozdanie_finansowe_2020.pdf\" target=\"_blank\">Scan sprawozdania (PDF 5,1 MB &#8211; otwiera si\u0119 w nowej zak\u0142adce)<\/a><br>Sprawozdanie finansowe za 2019 r do pobrania: <a rel=\"noreferrer noopener\" href=\"http:\/\/piw.walbrzych.pl\/pliki_TMP\/Sprawozdanie_finansowe_2019.pdf\" target=\"_blank\">Scan sprawozdania (PDF 4,9 MB &#8211; otwiera si\u0119 w nowej zak\u0142adce)<\/a><br>Sprawozdanie finansowe za 2018 r do pobrania: <a rel=\"noreferrer noopener\" href=\"http:\/\/piw.walbrzych.pl\/pliki_TMP\/Sprawozdanie_finansowe_2018.pdf\" target=\"_blank\">Scan sprawozdania (PDF 11,3 MB &#8211; otwiera si\u0119 w nowej zak\u0142adce)<\/a><br><br>Wersje dost\u0119pne dla os\u00f3b z niepe\u0142nosprawno\u015bciami b\u0119d\u0105 umieszczone wkr\u00f3tce<br><br><\/p>\n\n\n\n<hr class=\"wp-block-separator\"\/>\n\n\n\n<h2>Sprawozdania i raporty<\/h2>\n\n\n\n<p>Raport o stanie zapewniania dost\u0119pno\u015bci podmiotu publicznego: <a rel=\"noreferrer noopener\" href=\"http:\/\/piw.walbrzych.pl\/pliki_TMP\/Raport_GUS_2021.pdf\" target=\"_blank\">Raport do pobrania TU (PDF 110 kB &#8211; otwiera si\u0119 w nowej zak\u0142adce)<\/a><\/p>\n","protected":false},"excerpt":{"rendered":"<p>Sprawozdanie finansowe za 2024 rok: Sprawozdanie finansowe za 2023 Sprawozdania RRW za 2022 r do pobrania wkr\u00f3tce: RRW3 RRW5 RRW6 za 2021 r do pobrania: za 2020 r do pobrania: RRW3 Dzia\u0142 1 (plik XLSX &#8211; 10kB) RRW3 Dzia\u0142 1a (plik XLSX &#8211; 10kB) RRW3 Dzia\u0142 1b (plik XLSX &#8211; 10kB) RRW3 Dzia\u0142 1d (plik [&hellip;]<\/p>\n","protected":false},"author":1,"featured_media":0,"parent":0,"menu_order":0,"comment_status":"closed","ping_status":"closed","template":"","meta":[],"_links":{"self":[{"href":"http:\/\/piw.walbrzych.pl\/index.php?rest_route=\/wp\/v2\/pages\/59"}],"collection":[{"href":"http:\/\/piw.walbrzych.pl\/index.php?rest_route=\/wp\/v2\/pages"}],"about":[{"href":"http:\/\/piw.walbrzych.pl\/index.php?rest_route=\/wp\/v2\/types\/page"}],"author":[{"embeddable":true,"href":"http:\/\/piw.walbrzych.pl\/index.php?rest_route=\/wp\/v2\/users\/1"}],"replies":[{"embeddable":true,"href":"http:\/\/piw.walbrzych.pl\/index.php?rest_route=%2Fwp%2Fv2%2Fcomments&post=59"}],"version-history":[{"count":18,"href":"http:\/\/piw.walbrzych.pl\/index.php?rest_route=\/wp\/v2\/pages\/59\/revisions"}],"predecessor-version":[{"id":794,"href":"http:\/\/piw.walbrzych.pl\/index.php?rest_route=\/wp\/v2\/pages\/59\/revisions\/794"}],"wp:attachment":[{"href":"http:\/\/piw.walbrzych.pl\/index.php?rest_route=%2Fwp%2Fv2%2Fmedia&parent=59"}],"curies":[{"name":"wp","href":"https:\/\/api.w.org\/{rel}","templated":true}]}}