{"id":301,"date":"2022-01-14T07:42:46","date_gmt":"2022-01-14T06:42:46","guid":{"rendered":"http:\/\/piw.walbrzych.pl\/?page_id=301"},"modified":"2022-01-14T07:56:38","modified_gmt":"2022-01-14T06:56:38","slug":"zgloszenie-padlego-dzika","status":"publish","type":"page","link":"http:\/\/piw.walbrzych.pl\/?page_id=301","title":{"rendered":"ZG\u0141OSZENIE PAD\u0141EGO DZIKA"},"content":{"rendered":"\n<p><strong>Zintegrowany Interfejs Pad\u0142ych i Odstrzelonych Dzik\u00f3w<\/strong><\/p>\n\n\n\n<p>LINK do aplikacji&nbsp;<a rel=\"noreferrer noopener\" href=\"https:\/\/zipod.wetgiw.gov.pl:4443\/\" target=\"_blank\">https:\/\/zipod.wetgiw.gov.pl:4443\/<\/a><br><br>Informujemy, \u017ce w zwi\u0105zku z potrzeb\u0105 sta\u0142ego udoskonalania metod szybkiego podejmowania dzia\u0142a\u0144 w walce z afryka\u0144skim pomorem \u015bwi\u0144 przygotowana zosta\u0142a aplikacja s\u0142u\u017c\u0105ca przekazywaniu do powiatowych lekarzy weterynarii informacji<br>&nbsp;o dzikach pad\u0142ych i odstrzelonych o nazwie Zintegrowany Interfejs Pad\u0142ych<br>i Odstrzelonych Dzik\u00f3w (ZIPOD).<br><br>Zg\u0142aszaj\u0105cy przesy\u0142a informacj\u0119 o znalezieniu dzika pad\u0142ego lub odstrzelonego za pomoc\u0105 dedykowanej aplikacji uruchamianej bezpo\u015brednio ze swojego telefonu kom\u00f3rkowego.<br><br>W celu skorzystania z aplikacji nale\u017cy uruchomi\u0107 j\u0105 na telefonie z systemem Android lub iOS otwieraj\u0105c przegl\u0105dark\u0119 oraz wpisuj\u0105c nast\u0119puj\u0105cy adres: <a href=\"https:\/\/www.wetgiw.gov.pl\/zipod\">https:\/\/www.wetgiw.gov.pl\/zipod<\/a><br><br>Na ekranie telefonu wy\u015bwietli si\u0119 aplikacja ZIPOD, oraz pytanie do u\u017cytkownika<br>o pozwolenie na dost\u0119p do aparatu, galerii oraz w\u0142\u0105czenia \u201elokalizacji\u201d. Powy\u017csze warunki s\u0105 konieczne do prawid\u0142owego dzia\u0142ania aplikacji, poniewa\u017c ide\u0105 systemu jest przesy\u0142anie do serwera centralnego informacji o lokalizacji dzika oraz jego zdj\u0119cia.<br><\/p>\n","protected":false},"excerpt":{"rendered":"<p>Zintegrowany Interfejs Pad\u0142ych i Odstrzelonych Dzik\u00f3w LINK do aplikacji&nbsp;https:\/\/zipod.wetgiw.gov.pl:4443\/ Informujemy, \u017ce w zwi\u0105zku z potrzeb\u0105 sta\u0142ego udoskonalania metod szybkiego podejmowania dzia\u0142a\u0144 w walce z afryka\u0144skim pomorem \u015bwi\u0144 przygotowana zosta\u0142a aplikacja s\u0142u\u017c\u0105ca przekazywaniu do powiatowych lekarzy weterynarii informacji&nbsp;o dzikach pad\u0142ych i odstrzelonych o nazwie Zintegrowany Interfejs Pad\u0142ychi Odstrzelonych Dzik\u00f3w (ZIPOD). Zg\u0142aszaj\u0105cy przesy\u0142a informacj\u0119 o znalezieniu dzika [&hellip;]<\/p>\n","protected":false},"author":1,"featured_media":0,"parent":26,"menu_order":1,"comment_status":"closed","ping_status":"closed","template":"","meta":[],"_links":{"self":[{"href":"http:\/\/piw.walbrzych.pl\/index.php?rest_route=\/wp\/v2\/pages\/301"}],"collection":[{"href":"http:\/\/piw.walbrzych.pl\/index.php?rest_route=\/wp\/v2\/pages"}],"about":[{"href":"http:\/\/piw.walbrzych.pl\/index.php?rest_route=\/wp\/v2\/types\/page"}],"author":[{"embeddable":true,"href":"http:\/\/piw.walbrzych.pl\/index.php?rest_route=\/wp\/v2\/users\/1"}],"replies":[{"embeddable":true,"href":"http:\/\/piw.walbrzych.pl\/index.php?rest_route=%2Fwp%2Fv2%2Fcomments&post=301"}],"version-history":[{"count":2,"href":"http:\/\/piw.walbrzych.pl\/index.php?rest_route=\/wp\/v2\/pages\/301\/revisions"}],"predecessor-version":[{"id":303,"href":"http:\/\/piw.walbrzych.pl\/index.php?rest_route=\/wp\/v2\/pages\/301\/revisions\/303"}],"up":[{"embeddable":true,"href":"http:\/\/piw.walbrzych.pl\/index.php?rest_route=\/wp\/v2\/pages\/26"}],"wp:attachment":[{"href":"http:\/\/piw.walbrzych.pl\/index.php?rest_route=%2Fwp%2Fv2%2Fmedia&parent=301"}],"curies":[{"name":"wp","href":"https:\/\/api.w.org\/{rel}","templated":true}]}}