{"id":26,"date":"2021-10-12T09:48:30","date_gmt":"2021-10-12T07:48:30","guid":{"rendered":"http:\/\/piw.walbrzych.pl\/wordpress\/?page_id=26"},"modified":"2025-11-14T07:17:54","modified_gmt":"2025-11-14T06:17:54","slug":"asf","status":"publish","type":"page","link":"http:\/\/piw.walbrzych.pl\/?page_id=26","title":{"rendered":"ASF"},"content":{"rendered":"\n<p>Zgodnie z rozporz\u0105dzeniem wykonawczym Komisji (UE) 2025\/2189 z dnia 23 pa\u017adziernika 2025 r. zmieniaj\u0105cym za\u0142\u0105czniki do rozporz\u0105dzenia wykonawczego Komisji (UE) 2023\/594 w odniesieniu do regionalizacji\u00a0\u00a0 w zwi\u0105zku z afryka\u0144skim pomorem \u015bwi\u0144 (ASF), z dniem 28 pa\u017adziernika 2025 r. teren powiatu wa\u0142brzyskiego oraz miasta Wa\u0142brzycha zosta\u0142 przeniesiony z obszaru obj\u0119tego ograniczeniami II do obszaru obj\u0119tego ograniczeniami I. <\/p>\n\n\n\n<p>W zwi\u0105zku ze zmian\u0105 regionalizacji dziki odstrzelone na obszarze obj\u0119tym ograniczeniami I (strefa pierwsza), po uzyskaniu ujemnego wyniku badania laboratoryjnego w kierunku ASF, mog\u0105 by\u0107 przekazywane do zatwierdzonych punkt\u00f3w skupu dziczyzny lub zak\u0142ad\u00f3w obr\u00f3bki dziczyzny, zgodnie z obowi\u0105zuj\u0105cymi przepisami weterynaryjnymi. Oznacza to zniesienie dotychczasowego ograniczenia obowi\u0105zuj\u0105cego w strefie drugiej, gdzie tusze dzik\u00f3w mog\u0142y by\u0107 przeznaczone wy\u0142\u0105cznie na u\u017cytek w\u0142asny lub podlega\u0142y utylizacji na koszt Inspekcji Weterynaryjnej w przypadku nieprzej\u0119cia przez my\u015bliwego. Pozosta\u0142e zasady post\u0119powania z tuszami dzik\u00f3w oraz zasady odp\u0142atno\u015bci dla k\u00f3\u0142 \u0142owieckich i my\u015bliwych pozostaj\u0105 bez zmian, w szczeg\u00f3lno\u015bci:<\/p>\n\n\n\n<ul><li>obowi\u0105zek dostarczenia ka\u017cdej tuszy dzika do wyznaczonego punktu przetrzymywania tusz (PPT) w stanie niepatroszonym,<\/li><li>obowi\u0105zek pobrania pr\u00f3bek w kierunku ASF i oczekiwania na wynik ujemny przed wydaniem tuszy z PPT,<\/li><li>zachowanie wymog\u00f3w bioasekuracji przy transporcie, magazynowaniu i post\u0119powaniu z tuszami oraz patrochami,<\/li><li>wsp\u00f3\u0142praca z Powiatowym Lekarzem Weterynarii w zakresie planowania i sprawozdawczo\u015bci z realizacji odstrza\u0142\u00f3w.<\/li><\/ul>\n\n\n\n<figure class=\"wp-block-image size-full\"><img loading=\"lazy\" width=\"1100\" height=\"791\" src=\"http:\/\/piw.walbrzych.pl\/wp-content\/uploads\/2023\/10\/1-ASF.jpg\" alt=\"Ulotka ASF\" class=\"wp-image-599\"\/><\/figure>\n\n\n\n<p>Informacje G\u0142\u00f3wnego Lekarza Weterynarii na temat ASF:<br><a href=\"https:\/\/wetgiw.gov.pl\/nadzor-weterynaryjny\/afrykanski-pomor-swin\" target=\"_blank\" rel=\"noreferrer noopener\">https:\/\/wetgiw.gov.pl\/nadzor-weterynaryjny\/afrykanski-pomor-swin<\/a><\/p>\n\n\n\n<p><\/p>\n\n\n\n<p><br>Aktualne informacje o sytuacji Afryka\u0144skiego pomoru \u015awi\u0144 w naszym regionie:<\/p>\n\n\n\n<p><a href=\"https:\/\/wroc.wiw.gov.pl\/?cat=24\" target=\"_blank\" rel=\"noreferrer noopener\">https:\/\/wroc.wiw.gov.pl\/?cat=24<\/a><\/p>\n\n\n\n<div class=\"wp-block-file\"><object class=\"wp-block-file__embed\" data=\"https:\/\/piw.walbrzych.pl\/wp-content\/uploads\/2025\/06\/Ulotka-ASF-1.pdf\" type=\"application\/pdf\" style=\"width:100%;height:600px\" aria-label=\"Osadzone z Ulotka-ASF-1.\"><\/object><a href=\"https:\/\/piw.walbrzych.pl\/wp-content\/uploads\/2025\/06\/Ulotka-ASF-1.pdf\">Ulotka-ASF-1<\/a><a href=\"https:\/\/piw.walbrzych.pl\/wp-content\/uploads\/2025\/06\/Ulotka-ASF-1.pdf\" class=\"wp-block-file__button\" download>Pobierz<\/a><\/div>\n\n\n\n<div class=\"wp-block-file\"><object class=\"wp-block-file__embed\" data=\"https:\/\/piw.walbrzych.pl\/wp-content\/uploads\/2025\/06\/Ulotka-ASF-2.pdf\" type=\"application\/pdf\" style=\"width:100%;height:600px\" aria-label=\"Osadzone z Ulotka-ASF-2.\"><\/object><a href=\"https:\/\/piw.walbrzych.pl\/wp-content\/uploads\/2025\/06\/Ulotka-ASF-2.pdf\">Ulotka-ASF-2<\/a><a href=\"https:\/\/piw.walbrzych.pl\/wp-content\/uploads\/2025\/06\/Ulotka-ASF-2.pdf\" class=\"wp-block-file__button\" download>Pobierz<\/a><\/div>\n","protected":false},"excerpt":{"rendered":"<p>Zgodnie z rozporz\u0105dzeniem wykonawczym Komisji (UE) 2025\/2189 z dnia 23 pa\u017adziernika 2025 r. zmieniaj\u0105cym za\u0142\u0105czniki do rozporz\u0105dzenia wykonawczego Komisji (UE) 2023\/594 w odniesieniu do regionalizacji\u00a0\u00a0 w zwi\u0105zku z afryka\u0144skim pomorem \u015bwi\u0144 (ASF), z dniem 28 pa\u017adziernika 2025 r. teren powiatu wa\u0142brzyskiego oraz miasta Wa\u0142brzycha zosta\u0142 przeniesiony z obszaru obj\u0119tego ograniczeniami II do obszaru obj\u0119tego ograniczeniami [&hellip;]<\/p>\n","protected":false},"author":1,"featured_media":0,"parent":0,"menu_order":0,"comment_status":"closed","ping_status":"closed","template":"","meta":[],"_links":{"self":[{"href":"http:\/\/piw.walbrzych.pl\/index.php?rest_route=\/wp\/v2\/pages\/26"}],"collection":[{"href":"http:\/\/piw.walbrzych.pl\/index.php?rest_route=\/wp\/v2\/pages"}],"about":[{"href":"http:\/\/piw.walbrzych.pl\/index.php?rest_route=\/wp\/v2\/types\/page"}],"author":[{"embeddable":true,"href":"http:\/\/piw.walbrzych.pl\/index.php?rest_route=\/wp\/v2\/users\/1"}],"replies":[{"embeddable":true,"href":"http:\/\/piw.walbrzych.pl\/index.php?rest_route=%2Fwp%2Fv2%2Fcomments&post=26"}],"version-history":[{"count":12,"href":"http:\/\/piw.walbrzych.pl\/index.php?rest_route=\/wp\/v2\/pages\/26\/revisions"}],"predecessor-version":[{"id":836,"href":"http:\/\/piw.walbrzych.pl\/index.php?rest_route=\/wp\/v2\/pages\/26\/revisions\/836"}],"wp:attachment":[{"href":"http:\/\/piw.walbrzych.pl\/index.php?rest_route=%2Fwp%2Fv2%2Fmedia&parent=26"}],"curies":[{"name":"wp","href":"https:\/\/api.w.org\/{rel}","templated":true}]}}