{"id":254,"date":"2022-10-24T09:19:45","date_gmt":"2022-10-24T07:19:45","guid":{"rendered":"http:\/\/piw.walbrzych.pl\/?page_id=254"},"modified":"2025-11-25T07:28:26","modified_gmt":"2025-11-25T06:28:26","slug":"oferty-pracy","status":"publish","type":"page","link":"http:\/\/piw.walbrzych.pl\/?page_id=254","title":{"rendered":"Oferty pracy"},"content":{"rendered":"\n<p><\/p>\n\n\n\n<p>25\/11\/2025 &#8211; <strong>Og\u0142oszenie w sprawie wyznaczenia do wykonywania czynno\u015bci urz\u0119dowych w imieniu Powiatowego Lekarza Weterynarii w Wa\u0142brzychu<\/strong><\/p>\n\n\n\n<div class=\"wp-block-file\"><a href=\"https:\/\/piw.walbrzych.pl\/wp-content\/uploads\/2025\/11\/OGLOSZENIE-Wyznaczenie-na-2025.docx\">OGLOSZENIE-Wyznaczenie-na-2025<\/a><a href=\"https:\/\/piw.walbrzych.pl\/wp-content\/uploads\/2025\/11\/OGLOSZENIE-Wyznaczenie-na-2025.docx\" class=\"wp-block-file__button\" download>Pobierz<\/a><\/div>\n\n\n\n<div class=\"wp-block-file\"><a href=\"https:\/\/piw.walbrzych.pl\/wp-content\/uploads\/2025\/11\/Zalacznik-nr-1-do-instrukcji-w-sprawie-wyznaczania-lekarzy-weterynarii-do-wykonywania-czynnosci-urzedowych.docx\">Zalacznik-nr-1-do-instrukcji-w-sprawie-wyznaczania-lekarzy-weterynarii-do-wykonywania-czynnosci-urzedowych<\/a><a href=\"https:\/\/piw.walbrzych.pl\/wp-content\/uploads\/2025\/11\/Zalacznik-nr-1-do-instrukcji-w-sprawie-wyznaczania-lekarzy-weterynarii-do-wykonywania-czynnosci-urzedowych.docx\" class=\"wp-block-file__button\" download>Pobierz<\/a><\/div>\n\n\n\n<hr class=\"wp-block-separator\"\/>\n\n\n\n<figure class=\"wp-block-embed is-type-wp-embed is-provider-inspekcja-weterynaryjna-powiatowy-inspektorat-weterynarii-w-walbrzychu wp-block-embed-inspekcja-weterynaryjna-powiatowy-inspektorat-weterynarii-w-walbrzychu\"><div class=\"wp-block-embed__wrapper\">\n<blockquote class=\"wp-embedded-content\" data-secret=\"e7oSjS6gTt\"><a href=\"https:\/\/piw.walbrzych.pl\/?p=812\">Nab\u00f3r na stanowisko Inspektor Weterynaryjny<\/a><\/blockquote><iframe class=\"wp-embedded-content\" sandbox=\"allow-scripts\" security=\"restricted\" style=\"position: absolute; clip: rect(1px, 1px, 1px, 1px);\" title=\"&#8222;Nab\u00f3r na stanowisko Inspektor Weterynaryjny&#8221; &#8212; Inspekcja Weterynaryjna Powiatowy Inspektorat Weterynarii w Wa\u0142brzychu\" src=\"https:\/\/piw.walbrzych.pl\/?p=812&#038;embed=true#?secret=e7oSjS6gTt\" data-secret=\"e7oSjS6gTt\" width=\"600\" height=\"338\" frameborder=\"0\" marginwidth=\"0\" marginheight=\"0\" scrolling=\"no\"><\/iframe>\n<\/div><\/figure>\n\n\n\n<div class=\"wp-block-file\"><object class=\"wp-block-file__embed\" data=\"https:\/\/piw.walbrzych.pl\/wp-content\/uploads\/2025\/06\/Wynik-naboru-152072.pdf\" type=\"application\/pdf\" style=\"width:100%;height:600px\" aria-label=\"Osadzone z Wynik-naboru-152072.\"><\/object><a href=\"https:\/\/piw.walbrzych.pl\/wp-content\/uploads\/2025\/06\/Wynik-naboru-152072.pdf\">Wynik-naboru-152072<\/a><a href=\"https:\/\/piw.walbrzych.pl\/wp-content\/uploads\/2025\/06\/Wynik-naboru-152072.pdf\" class=\"wp-block-file__button\" download>Pobierz<\/a><\/div>\n\n\n\n<p><blockquote class=\"wp-embedded-content\" data-secret=\"p2h2REeE5H\"><a href=\"https:\/\/piw.walbrzych.pl\/?p=625\">Og\u0142oszenie w sprawie wyznaczenia do wykonywania czynno\u015bci urz\u0119dowych w imieniu Powiatowego Lekarza Weterynarii                  w Wa\u0142brzychu<\/a><\/blockquote><iframe class=\"wp-embedded-content\" sandbox=\"allow-scripts\" security=\"restricted\" style=\"position: absolute; clip: rect(1px, 1px, 1px, 1px);\" title=\"&#8222;Og\u0142oszenie w sprawie wyznaczenia do wykonywania czynno\u015bci urz\u0119dowych w imieniu Powiatowego Lekarza Weterynarii                  w Wa\u0142brzychu&#8221; &#8212; Inspekcja Weterynaryjna Powiatowy Inspektorat Weterynarii w Wa\u0142brzychu\" src=\"https:\/\/piw.walbrzych.pl\/?p=625&#038;embed=true#?secret=p2h2REeE5H\" data-secret=\"p2h2REeE5H\" width=\"600\" height=\"338\" frameborder=\"0\" marginwidth=\"0\" marginheight=\"0\" scrolling=\"no\"><\/iframe><\/p>\n\n\n\n<p><blockquote class=\"wp-embedded-content\" data-secret=\"BN0woqRKII\"><a href=\"https:\/\/piw.walbrzych.pl\/?p=507\">Nab\u00f3r na stanowisko &#8211; Pracownik utrzymania czysto\u015bci<\/a><\/blockquote><iframe class=\"wp-embedded-content\" sandbox=\"allow-scripts\" security=\"restricted\" style=\"position: absolute; clip: rect(1px, 1px, 1px, 1px);\" title=\"&#8222;Nab\u00f3r na stanowisko &#8211; Pracownik utrzymania czysto\u015bci&#8221; &#8212; Inspekcja Weterynaryjna Powiatowy Inspektorat Weterynarii w Wa\u0142brzychu\" src=\"https:\/\/piw.walbrzych.pl\/?p=507&#038;embed=true#?secret=BN0woqRKII\" data-secret=\"BN0woqRKII\" width=\"600\" height=\"338\" frameborder=\"0\" marginwidth=\"0\" marginheight=\"0\" scrolling=\"no\"><\/iframe><\/p>\n\n\n\n<p><blockquote class=\"wp-embedded-content\" data-secret=\"3Hl1yTouKq\"><a href=\"https:\/\/piw.walbrzych.pl\/?p=502\">Wyniki naboru 108968<\/a><\/blockquote><iframe class=\"wp-embedded-content\" sandbox=\"allow-scripts\" security=\"restricted\" style=\"position: absolute; clip: rect(1px, 1px, 1px, 1px);\" title=\"&#8222;Wyniki naboru 108968&#8221; &#8212; Inspekcja Weterynaryjna Powiatowy Inspektorat Weterynarii w Wa\u0142brzychu\" src=\"https:\/\/piw.walbrzych.pl\/?p=502&#038;embed=true#?secret=3Hl1yTouKq\" data-secret=\"3Hl1yTouKq\" width=\"600\" height=\"338\" frameborder=\"0\" marginwidth=\"0\" marginheight=\"0\" scrolling=\"no\"><\/iframe><\/p>\n\n\n\n<p><blockquote class=\"wp-embedded-content\" data-secret=\"SLOTiFPWf2\"><a href=\"https:\/\/piw.walbrzych.pl\/?p=496\">Og\u0142oszenie w sprawie wyznaczenia do wykonywania czynno\u015bci urz\u0119dowych<\/a><\/blockquote><iframe class=\"wp-embedded-content\" sandbox=\"allow-scripts\" security=\"restricted\" style=\"position: absolute; clip: rect(1px, 1px, 1px, 1px);\" title=\"&#8222;Og\u0142oszenie w sprawie wyznaczenia do wykonywania czynno\u015bci urz\u0119dowych&#8221; &#8212; Inspekcja Weterynaryjna Powiatowy Inspektorat Weterynarii w Wa\u0142brzychu\" src=\"https:\/\/piw.walbrzych.pl\/?p=496&#038;embed=true#?secret=SLOTiFPWf2\" data-secret=\"SLOTiFPWf2\" width=\"600\" height=\"338\" frameborder=\"0\" marginwidth=\"0\" marginheight=\"0\" scrolling=\"no\"><\/iframe><\/p>\n\n\n\n<p><blockquote class=\"wp-embedded-content\" data-secret=\"gb8Jx5uiyP\"><a href=\"https:\/\/piw.walbrzych.pl\/?p=492\">Wyniki naboru na stanowisko Kontroler Weterynaryjny- 108637<\/a><\/blockquote><iframe class=\"wp-embedded-content\" sandbox=\"allow-scripts\" security=\"restricted\" style=\"position: absolute; clip: rect(1px, 1px, 1px, 1px);\" title=\"&#8222;Wyniki naboru na stanowisko Kontroler Weterynaryjny- 108637&#8221; &#8212; Inspekcja Weterynaryjna Powiatowy Inspektorat Weterynarii w Wa\u0142brzychu\" src=\"https:\/\/piw.walbrzych.pl\/?p=492&#038;embed=true#?secret=gb8Jx5uiyP\" data-secret=\"gb8Jx5uiyP\" width=\"600\" height=\"338\" frameborder=\"0\" marginwidth=\"0\" marginheight=\"0\" scrolling=\"no\"><\/iframe><\/p>\n\n\n\n<p><blockquote class=\"wp-embedded-content\" data-secret=\"ZALAUBkG3T\"><a href=\"https:\/\/piw.walbrzych.pl\/?p=488\">Wynik naboru na og\u0142oszenie 108631<\/a><\/blockquote><iframe class=\"wp-embedded-content\" sandbox=\"allow-scripts\" security=\"restricted\" style=\"position: absolute; clip: rect(1px, 1px, 1px, 1px);\" title=\"&#8222;Wynik naboru na og\u0142oszenie 108631&#8221; &#8212; Inspekcja Weterynaryjna Powiatowy Inspektorat Weterynarii w Wa\u0142brzychu\" src=\"https:\/\/piw.walbrzych.pl\/?p=488&#038;embed=true#?secret=ZALAUBkG3T\" data-secret=\"ZALAUBkG3T\" width=\"600\" height=\"338\" frameborder=\"0\" marginwidth=\"0\" marginheight=\"0\" scrolling=\"no\"><\/iframe><\/p>\n\n\n\n<p><blockquote class=\"wp-embedded-content\" data-secret=\"oNzGlom1qy\"><a href=\"https:\/\/piw.walbrzych.pl\/?p=474\">Nab\u00f3r na stanowisko &#8211; Radca Prawny (108968)<\/a><\/blockquote><iframe class=\"wp-embedded-content\" sandbox=\"allow-scripts\" security=\"restricted\" style=\"position: absolute; clip: rect(1px, 1px, 1px, 1px);\" title=\"&#8222;Nab\u00f3r na stanowisko &#8211; Radca Prawny (108968)&#8221; &#8212; Inspekcja Weterynaryjna Powiatowy Inspektorat Weterynarii w Wa\u0142brzychu\" src=\"https:\/\/piw.walbrzych.pl\/?p=474&#038;embed=true#?secret=oNzGlom1qy\" data-secret=\"oNzGlom1qy\" width=\"600\" height=\"338\" frameborder=\"0\" marginwidth=\"0\" marginheight=\"0\" scrolling=\"no\"><\/iframe><\/p>\n\n\n\n<p><blockquote class=\"wp-embedded-content\" data-secret=\"Wst8xH2QEv\"><a href=\"https:\/\/piw.walbrzych.pl\/?p=470\">Nab\u00f3r 108637<\/a><\/blockquote><iframe class=\"wp-embedded-content\" sandbox=\"allow-scripts\" security=\"restricted\" style=\"position: absolute; clip: rect(1px, 1px, 1px, 1px);\" title=\"&#8222;Nab\u00f3r 108637&#8221; &#8212; Inspekcja Weterynaryjna Powiatowy Inspektorat Weterynarii w Wa\u0142brzychu\" src=\"https:\/\/piw.walbrzych.pl\/?p=470&#038;embed=true#?secret=Wst8xH2QEv\" data-secret=\"Wst8xH2QEv\" width=\"600\" height=\"338\" frameborder=\"0\" marginwidth=\"0\" marginheight=\"0\" scrolling=\"no\"><\/iframe><\/p>\n\n\n\n<p><blockquote class=\"wp-embedded-content\" data-secret=\"JoRZTWxs6S\"><a href=\"https:\/\/piw.walbrzych.pl\/?p=467\">Nab\u00f3r 108631<\/a><\/blockquote><iframe class=\"wp-embedded-content\" sandbox=\"allow-scripts\" security=\"restricted\" style=\"position: absolute; clip: rect(1px, 1px, 1px, 1px);\" title=\"&#8222;Nab\u00f3r 108631&#8221; &#8212; Inspekcja Weterynaryjna Powiatowy Inspektorat Weterynarii w Wa\u0142brzychu\" src=\"https:\/\/piw.walbrzych.pl\/?p=467&#038;embed=true#?secret=JoRZTWxs6S\" data-secret=\"JoRZTWxs6S\" width=\"600\" height=\"338\" frameborder=\"0\" marginwidth=\"0\" marginheight=\"0\" scrolling=\"no\"><\/iframe><\/p>\n\n\n\n<p><\/p>\n\n\n\n<p><blockquote class=\"wp-embedded-content\" data-secret=\"81irmuFNaH\"><a href=\"https:\/\/piw.walbrzych.pl\/?p=459\">Nab\u00f3r na stanowisko Inspektor Weterynaryjny Do spraw: zdrowia i ochrony zwierz\u0105t w Zespole ds. zdrowia i ochrony zwierz\u0105t (106985)<\/a><\/blockquote><iframe class=\"wp-embedded-content\" sandbox=\"allow-scripts\" security=\"restricted\" style=\"position: absolute; clip: rect(1px, 1px, 1px, 1px);\" title=\"&#8222;Nab\u00f3r na stanowisko Inspektor Weterynaryjny Do spraw: zdrowia i ochrony zwierz\u0105t w Zespole ds. zdrowia i ochrony zwierz\u0105t (106985)&#8221; &#8212; Inspekcja Weterynaryjna Powiatowy Inspektorat Weterynarii w Wa\u0142brzychu\" src=\"https:\/\/piw.walbrzych.pl\/?p=459&#038;embed=true#?secret=81irmuFNaH\" data-secret=\"81irmuFNaH\" width=\"600\" height=\"338\" frameborder=\"0\" marginwidth=\"0\" marginheight=\"0\" scrolling=\"no\"><\/iframe><\/p>\n\n\n\n<p><blockquote class=\"wp-embedded-content\" data-secret=\"oL8097A8TZ\"><a href=\"https:\/\/piw.walbrzych.pl\/?p=453\">Nab\u00f3r na stanowisko Inspektor Weterynaryjny Do spraw: zdrowia i ochrony zwierz\u0105t w Zespole ds. zdrowia i ochrony zwierz\u0105t (105375)<\/a><\/blockquote><iframe class=\"wp-embedded-content\" sandbox=\"allow-scripts\" security=\"restricted\" style=\"position: absolute; clip: rect(1px, 1px, 1px, 1px);\" title=\"&#8222;Nab\u00f3r na stanowisko Inspektor Weterynaryjny Do spraw: zdrowia i ochrony zwierz\u0105t w Zespole ds. zdrowia i ochrony zwierz\u0105t (105375)&#8221; &#8212; Inspekcja Weterynaryjna Powiatowy Inspektorat Weterynarii w Wa\u0142brzychu\" src=\"https:\/\/piw.walbrzych.pl\/?p=453&#038;embed=true#?secret=oL8097A8TZ\" data-secret=\"oL8097A8TZ\" width=\"600\" height=\"338\" frameborder=\"0\" marginwidth=\"0\" marginheight=\"0\" scrolling=\"no\"><\/iframe><\/p>\n\n\n\n<p><blockquote class=\"wp-embedded-content\" data-secret=\"y2ZXhA1AKn\"><a href=\"https:\/\/piw.walbrzych.pl\/?p=449\">Wyniki naboru 101919<\/a><\/blockquote><iframe class=\"wp-embedded-content\" sandbox=\"allow-scripts\" security=\"restricted\" style=\"position: absolute; clip: rect(1px, 1px, 1px, 1px);\" title=\"&#8222;Wyniki naboru 101919&#8221; &#8212; Inspekcja Weterynaryjna Powiatowy Inspektorat Weterynarii w Wa\u0142brzychu\" src=\"https:\/\/piw.walbrzych.pl\/?p=449&#038;embed=true#?secret=y2ZXhA1AKn\" data-secret=\"y2ZXhA1AKn\" width=\"600\" height=\"338\" frameborder=\"0\" marginwidth=\"0\" marginheight=\"0\" scrolling=\"no\"><\/iframe><\/p>\n\n\n\n<p><blockquote class=\"wp-embedded-content\" data-secret=\"UDjTus3ZAW\"><a href=\"https:\/\/piw.walbrzych.pl\/?p=432\">Nab\u00f3r na stanowisko Inspektor Weterynaryjny &#8211; 05\/07\/2022<\/a><\/blockquote><iframe class=\"wp-embedded-content\" sandbox=\"allow-scripts\" security=\"restricted\" style=\"position: absolute; clip: rect(1px, 1px, 1px, 1px);\" title=\"&#8222;Nab\u00f3r na stanowisko Inspektor Weterynaryjny &#8211; 05\/07\/2022&#8221; &#8212; Inspekcja Weterynaryjna Powiatowy Inspektorat Weterynarii w Wa\u0142brzychu\" src=\"https:\/\/piw.walbrzych.pl\/?p=432&#038;embed=true#?secret=UDjTus3ZAW\" data-secret=\"UDjTus3ZAW\" width=\"600\" height=\"338\" frameborder=\"0\" marginwidth=\"0\" marginheight=\"0\" scrolling=\"no\"><\/iframe><\/p>\n\n\n\n<p><blockquote class=\"wp-embedded-content\" data-secret=\"JyLDhIy35y\"><a href=\"https:\/\/piw.walbrzych.pl\/?p=405\">Informacje o wynikach naboru<\/a><\/blockquote><iframe class=\"wp-embedded-content\" sandbox=\"allow-scripts\" security=\"restricted\" style=\"position: absolute; clip: rect(1px, 1px, 1px, 1px);\" title=\"&#8222;Informacje o wynikach naboru&#8221; &#8212; Inspekcja Weterynaryjna Powiatowy Inspektorat Weterynarii w Wa\u0142brzychu\" src=\"https:\/\/piw.walbrzych.pl\/?p=405&#038;embed=true#?secret=JyLDhIy35y\" data-secret=\"JyLDhIy35y\" width=\"600\" height=\"338\" frameborder=\"0\" marginwidth=\"0\" marginheight=\"0\" scrolling=\"no\"><\/iframe><\/p>\n\n\n\n<p><blockquote class=\"wp-embedded-content\" data-secret=\"0Grd8hoZrL\"><a href=\"https:\/\/piw.walbrzych.pl\/?p=373\">Nab\u00f3r na stanowisko: Inspektor Weterynaryjny<\/a><\/blockquote><iframe class=\"wp-embedded-content\" sandbox=\"allow-scripts\" security=\"restricted\" style=\"position: absolute; clip: rect(1px, 1px, 1px, 1px);\" title=\"&#8222;Nab\u00f3r na stanowisko: Inspektor Weterynaryjny&#8221; &#8212; Inspekcja Weterynaryjna Powiatowy Inspektorat Weterynarii w Wa\u0142brzychu\" src=\"https:\/\/piw.walbrzych.pl\/?p=373&#038;embed=true#?secret=0Grd8hoZrL\" data-secret=\"0Grd8hoZrL\" width=\"600\" height=\"338\" frameborder=\"0\" marginwidth=\"0\" marginheight=\"0\" scrolling=\"no\"><\/iframe><\/p>\n\n\n\n<p><blockquote class=\"wp-embedded-content\" data-secret=\"voD1QzNxsn\"><a href=\"https:\/\/piw.walbrzych.pl\/?p=325\">Nab\u00f3r na stanowisko: Inspektor Weterynaryjny<\/a><\/blockquote><iframe class=\"wp-embedded-content\" sandbox=\"allow-scripts\" security=\"restricted\" style=\"position: absolute; clip: rect(1px, 1px, 1px, 1px);\" title=\"&#8222;Nab\u00f3r na stanowisko: Inspektor Weterynaryjny&#8221; &#8212; Inspekcja Weterynaryjna Powiatowy Inspektorat Weterynarii w Wa\u0142brzychu\" src=\"https:\/\/piw.walbrzych.pl\/?p=325&#038;embed=true#?secret=voD1QzNxsn\" data-secret=\"voD1QzNxsn\" width=\"600\" height=\"338\" frameborder=\"0\" marginwidth=\"0\" marginheight=\"0\" scrolling=\"no\"><\/iframe><\/p>\n\n\n\n<p><\/p>\n\n\n\n<p><blockquote class=\"wp-embedded-content\" data-secret=\"e2Om6QmaJ6\"><a href=\"https:\/\/piw.walbrzych.pl\/?p=241\">Og\u0142oszenie w sprawie wyznaczenia do wykonywania czynno\u015bci urz\u0119dowych w imieniu Powiatowego Lekarza Weterynarii w Wa\u0142brzychu<\/a><\/blockquote><iframe class=\"wp-embedded-content\" sandbox=\"allow-scripts\" security=\"restricted\" style=\"position: absolute; clip: rect(1px, 1px, 1px, 1px);\" title=\"&#8222;Og\u0142oszenie w sprawie wyznaczenia do wykonywania czynno\u015bci urz\u0119dowych w imieniu Powiatowego Lekarza Weterynarii w Wa\u0142brzychu&#8221; &#8212; Inspekcja Weterynaryjna Powiatowy Inspektorat Weterynarii w Wa\u0142brzychu\" src=\"https:\/\/piw.walbrzych.pl\/?p=241&#038;embed=true#?secret=e2Om6QmaJ6\" data-secret=\"e2Om6QmaJ6\" width=\"600\" height=\"338\" frameborder=\"0\" marginwidth=\"0\" marginheight=\"0\" scrolling=\"no\"><\/iframe><\/p>\n","protected":false},"excerpt":{"rendered":"<p>25\/11\/2025 &#8211; Og\u0142oszenie w sprawie wyznaczenia do wykonywania czynno\u015bci urz\u0119dowych w imieniu Powiatowego Lekarza Weterynarii w Wa\u0142brzychu Og\u0142oszenie w sprawie wyznaczenia do wykonywania czynno\u015bci urz\u0119dowych w imieniu Powiatowego Lekarza Weterynarii w Wa\u0142brzychu Nab\u00f3r na stanowisko &#8211; Pracownik utrzymania czysto\u015bci Wyniki naboru 108968 Og\u0142oszenie w sprawie wyznaczenia do wykonywania czynno\u015bci urz\u0119dowych Wyniki naboru na stanowisko Kontroler [&hellip;]<\/p>\n","protected":false},"author":1,"featured_media":0,"parent":0,"menu_order":0,"comment_status":"closed","ping_status":"closed","template":"","meta":[],"_links":{"self":[{"href":"http:\/\/piw.walbrzych.pl\/index.php?rest_route=\/wp\/v2\/pages\/254"}],"collection":[{"href":"http:\/\/piw.walbrzych.pl\/index.php?rest_route=\/wp\/v2\/pages"}],"about":[{"href":"http:\/\/piw.walbrzych.pl\/index.php?rest_route=\/wp\/v2\/types\/page"}],"author":[{"embeddable":true,"href":"http:\/\/piw.walbrzych.pl\/index.php?rest_route=\/wp\/v2\/users\/1"}],"replies":[{"embeddable":true,"href":"http:\/\/piw.walbrzych.pl\/index.php?rest_route=%2Fwp%2Fv2%2Fcomments&post=254"}],"version-history":[{"count":24,"href":"http:\/\/piw.walbrzych.pl\/index.php?rest_route=\/wp\/v2\/pages\/254\/revisions"}],"predecessor-version":[{"id":843,"href":"http:\/\/piw.walbrzych.pl\/index.php?rest_route=\/wp\/v2\/pages\/254\/revisions\/843"}],"wp:attachment":[{"href":"http:\/\/piw.walbrzych.pl\/index.php?rest_route=%2Fwp%2Fv2%2Fmedia&parent=254"}],"curies":[{"name":"wp","href":"https:\/\/api.w.org\/{rel}","templated":true}]}}