{"id":248,"date":"2021-12-10T08:42:22","date_gmt":"2021-12-10T07:42:22","guid":{"rendered":"http:\/\/piw.walbrzych.pl\/?page_id=248"},"modified":"2023-04-25T08:42:10","modified_gmt":"2023-04-25T06:42:10","slug":"rodo","status":"publish","type":"page","link":"http:\/\/piw.walbrzych.pl\/?page_id=248","title":{"rendered":"RODO"},"content":{"rendered":"\n<h1>Informacja o przetwarzaniu danych osobowych w Inspekcji Weterynaryjnej Powiatowego Inspektoratu Weterynarii w Wa\u0142brzychu<\/h1>\n\n\n\n<p><\/p>\n\n\n\n<p><strong>Klauzula informacyjna o przetwarzaniu danych osobowych<\/strong><\/p>\n\n\n\n<p>Zgodnie z art. 13 ust. 1 i 2 Rozporz\u0105dzenia Parlamentu Europejskiego i Rady (UE) 2016\/679 z dnia<br>27 kwietnia 2016 r. w sprawie ochrony os\u00f3b fizycznych w zwi\u0105zku z przetwarzaniem danych osobowych i w sprawie swobodnego przep\u0142ywu takich danych oraz uchylenia dyrektywy 95\/46\/WE (Og\u00f3lne rozporz\u0105dzenie o ochronie danych) \u2013 dalej \u201eRODO\u201d, informujemy, o zasadach przetwarzania Pa\u0144stwa danych osobowych oraz przys\u0142uguj\u0105cych Pa\u0144stwo prawach z tym zwi\u0105zanych:<\/p>\n\n\n\n<p><strong>Administrator danych osobowych<\/strong><\/p>\n\n\n\n<p>Administratorem danych osobowych (dalej \u201eAdministrator\u201d) jest Powiatowy Lekarz Weterynarii<br>w Wa\u0142brzychu jako kierownik Powiatowego Inspektoratu Weterynarii w Wa\u0142brzychu.<\/p>\n\n\n\n<p>Z Administratorem mo\u017cna kontaktowa\u0107 si\u0119:<\/p>\n\n\n\n<ul><li>listownie: ul. Wysockiego 34, 58-304 Wa\u0142brzych,<\/li><li>telefonicznie: 74 848 11 70, 74 842 69 21,<\/li><li>przez poczt\u0119 elektroniczn\u0105: <a href=\"mailto:walbrzych@wroc.wiw.gov.pl\"><strong>walbrzych@wroc.wiw.gov.pl<\/strong><\/a><strong>,<\/strong><\/li><li>przez elektroniczn\u0105 skrzynk\u0119 podawcz\u0105 dost\u0119pna na stronie:&nbsp;&nbsp;&nbsp;&nbsp;&nbsp;&nbsp;&nbsp;&nbsp;&nbsp;&nbsp;&nbsp;<br>https:\/\/epuap.gov.pl\/wps\/myportal\/strefa-klienta\/katalog-spraw\/profil-urzedu\/PIWWalbrzych.<\/li><\/ul>\n\n\n\n<p><strong>Inspektor Ochrony Danych Osobowych<\/strong><\/p>\n\n\n\n<p>Inspektorem Ochrony Danych jest Jan Ko\u0142oma\u0144ski.<\/p>\n\n\n\n<p>Z inspektorem mo\u017cna kontaktowa\u0107 si\u0119:&nbsp;<\/p>\n\n\n\n<ul><li>listownie &#8211; na adres Inspektoratu,<\/li><li>przez Elektroniczn\u0105 Skrzynk\u0119 Podawcz\u0105 Inspektoratu,<\/li><li>przez poczt\u0119 elektroniczn\u0105: iod@piw.walbrzych.pl.<\/li><\/ul>\n\n\n\n<p><strong>Cele i podstawa prawna przetwarzania danych osobowych<\/strong><\/p>\n\n\n\n<p>B\u0119dziemy przetwarza\u0107 Pa\u0144stwa dane osobowe w zwi\u0105zku z:<\/p>\n\n\n\n<ul><li>realizacj\u0105 obowi\u0105zku prawnego ci\u0105\u017c\u0105cego na Administratorze (art. 6 ust. 1 lit. c RODO),<\/li><li>wykonywaniem przez Administratora zada\u0144 realizowanych w interesie publicznym lub sprawowania w\u0142adzy publicznej powierzonej Administratorowi (art. 6 ust. 1 lit. e RODO),<\/li><li>zawarciem lub realizacj\u0105 um\u00f3w \u2013 (art. 6 ust. 1 lit. b RODO) ,<\/li><li>udzielon\u0105 zgod\u0105 (art. 6 ust. 1 lit. a RODO).<\/li><\/ul>\n\n\n\n<p><br>Pa\u0144stwa dane nie b\u0119d\u0105 przetwarzane w spos\u00f3b zautomatyzowany w tym r\u00f3wnie\u017c w formie profilowania, o kt\u00f3rym mowa w art. 22 ust. 1 i 4 RODO.<\/p>\n\n\n\n<p><strong>Odbiorcy danych osobowych<\/strong><\/p>\n\n\n\n<p>Odbiorcami Pa\u0144stwa danych osobowych mog\u0105 by\u0107:<\/p>\n\n\n\n<ul><li>strony i uczestnicy post\u0119powa\u0144 lub organy w\u0142a\u015bciwe do za\u0142atwienia wniosku na mocy przepis\u00f3w prawa, kt\u00f3rym Powiatowy Lekarz Weterynarii Pa\u0144stwa wniosek przekaza\u0142,<\/li><li>osoby, organy w\u0142adzy publicznej oraz podmioty wykonuj\u0105ce zadania publiczne lub dzia\u0142aj\u0105ce na zlecenie organ\u00f3w w\u0142adzy publicznej, w zakresie i w celach, kt\u00f3re wynikaj\u0105 z przepis\u00f3w powszechnie obowi\u0105zuj\u0105cego prawa,<\/li><li>inne osoby lub podmioty uprawnione do obs\u0142ugi dor\u0119cze\u0144 oraz przetwarzaj\u0105ce dane osobowe na podstawie um\u00f3w i porozumie\u0144.<\/li><\/ul>\n\n\n\n<p>Pa\u0144stwa dane nie b\u0119d\u0105 przekazywane do pa\u0144stw trzecich oraz organizacji mi\u0119dzynarodowych, o ile nie b\u0119dzie to wymagane na mocy przepis\u00f3w powszechnie obowi\u0105zuj\u0105cego prawa.<\/p>\n\n\n\n<p><strong>Okres przechowywania danych osobowych<\/strong><\/p>\n\n\n\n<p>Pa\u0144stwa dane osobowe b\u0119d\u0105 przechowywane przez okres niezb\u0119dny do realizacji celu do kt\u00f3rego zosta\u0142y zebrane, a po tym czasie, przez okres wymagany przepisami powszechnie obowi\u0105zuj\u0105cego prawa, w szczeg\u00f3lno\u015bci ustawy z&nbsp;dnia 14 lipca 1983&nbsp;r. o&nbsp;narodowym zasobie archiwalnym i&nbsp;archiwach (t.j. Dz.U.&nbsp;z&nbsp;2020 r. poz. 164 ze zm.).<strong><\/strong><\/p>\n\n\n\n<p><strong>Prawa os\u00f3b kt\u00f3rych dane dotycz\u0105<\/strong><\/p>\n\n\n\n<p>Posiadaj\u0105 Pa\u0144stwo:<\/p>\n\n\n\n<ul><li>prawo do \u017c\u0105dania od Administratora dost\u0119pu do swoich danych osobowych, ich sprostowania, usuni\u0119cia lub ograniczenia przetwarzania, prawo do przenoszenia danych, prawo wniesienia sprzeciwu wobec ich przetwarzania \u2013 na zasadach i z ograniczeniami przewidzianymi przepisami obowi\u0105zuj\u0105cego prawa,<\/li><li>prawo do cofni\u0119cia zgody na przetwarzanie danych w dowolnym momencie (bez wp\u0142ywu na zgodno\u015b\u0107 z prawem przetwarzania) w przypadku danych, kt\u00f3re s\u0105 udost\u0119pnione na podstawie tylko Pa\u0144stwa zgody,<\/li><li>prawo do wniesienia skargi do organu nadzorczego, kt\u00f3rym w Polsce jest Prezes Urz\u0119du Ochrony Danych Osobowych (na adres : ul. Stawki 2, 00-193 Warszawa).<\/li><\/ul>\n\n\n\n<p><strong>Obowi\u0105zek podania danych osobowych<\/strong><\/p>\n\n\n\n<p>Podanie przez Pa\u0144stwa danych osobowych jest obowi\u0105zkowe, w sytuacji gdy przes\u0142ank\u0119 przetwarzania danych osobowych stanowi przepis prawa, zawarta mi\u0119dzy stronami umowa lub warunek zawarcia umowy.<\/p>\n\n\n\n<p>Niepodanie danych w sytuacji, gdy jest ono obowi\u0105zkowe, b\u0119dzie skutkowa\u0107 brakiem realizacji ci\u0105\u017c\u0105cego na Administratorze obowi\u0105zku ustawowego lub mo\u017cliwo\u015bci zawarcia\/realizacji umowy.<\/p>\n\n\n\n<p>Podanie innych danych w zakresie nieokre\u015blonym przepisami prawa, umow\u0105 lub warunkiem zawarcia umowy zostanie potraktowane jako zgoda na przetwarzanie tych danych osobowych. Wyra\u017cenie zgody w tym przypadku jest dobrowolne, a zgod\u0119 tak wyra\u017con\u0105 mo\u017cna odwo\u0142a\u0107 \u2013 w dowolnym momencie bez wp\u0142ywu na zgodno\u015b\u0107 z prawem przetwarzania, kt\u00f3rego dokonano na podstawie zgody przed jej cofni\u0119ciem.<\/p>\n","protected":false},"excerpt":{"rendered":"<p>Informacja o przetwarzaniu danych osobowych w Inspekcji Weterynaryjnej Powiatowego Inspektoratu Weterynarii w Wa\u0142brzychu Klauzula informacyjna o przetwarzaniu danych osobowych Zgodnie z art. 13 ust. 1 i 2 Rozporz\u0105dzenia Parlamentu Europejskiego i Rady (UE) 2016\/679 z dnia27 kwietnia 2016 r. w sprawie ochrony os\u00f3b fizycznych w zwi\u0105zku z przetwarzaniem danych osobowych i w sprawie swobodnego przep\u0142ywu [&hellip;]<\/p>\n","protected":false},"author":1,"featured_media":0,"parent":0,"menu_order":0,"comment_status":"closed","ping_status":"closed","template":"","meta":[],"_links":{"self":[{"href":"http:\/\/piw.walbrzych.pl\/index.php?rest_route=\/wp\/v2\/pages\/248"}],"collection":[{"href":"http:\/\/piw.walbrzych.pl\/index.php?rest_route=\/wp\/v2\/pages"}],"about":[{"href":"http:\/\/piw.walbrzych.pl\/index.php?rest_route=\/wp\/v2\/types\/page"}],"author":[{"embeddable":true,"href":"http:\/\/piw.walbrzych.pl\/index.php?rest_route=\/wp\/v2\/users\/1"}],"replies":[{"embeddable":true,"href":"http:\/\/piw.walbrzych.pl\/index.php?rest_route=%2Fwp%2Fv2%2Fcomments&post=248"}],"version-history":[{"count":4,"href":"http:\/\/piw.walbrzych.pl\/index.php?rest_route=\/wp\/v2\/pages\/248\/revisions"}],"predecessor-version":[{"id":552,"href":"http:\/\/piw.walbrzych.pl\/index.php?rest_route=\/wp\/v2\/pages\/248\/revisions\/552"}],"wp:attachment":[{"href":"http:\/\/piw.walbrzych.pl\/index.php?rest_route=%2Fwp%2Fv2%2Fmedia&parent=248"}],"curies":[{"name":"wp","href":"https:\/\/api.w.org\/{rel}","templated":true}]}}