{"id":24,"date":"2021-10-12T09:41:07","date_gmt":"2021-10-12T07:41:07","guid":{"rendered":"http:\/\/piw.walbrzych.pl\/wordpress\/?page_id=24"},"modified":"2023-12-11T07:09:55","modified_gmt":"2023-12-11T06:09:55","slug":"kontakt","status":"publish","type":"page","link":"http:\/\/piw.walbrzych.pl\/?page_id=24","title":{"rendered":"Kontakt"},"content":{"rendered":"\n<h3>Dane teleadresowe:<br><\/h3>\n\n\n\n<p>Inspekcja Weterynaryjna Powiatowy Inspektorat Weterynarii w Wa\u0142brzychu<br>ul. Wysockiego 34<br>58-304 Wa\u0142brzych<br>NIP: 8862421956<br>tel. 74 848 11 70<br>tel. 74 842 69 21<br>fax. 74 848 11 72<br><br><a href=\"mailto:walbrzych@wroc.wiw.gov.pl\"><strong>e-mail: walbrzych@wroc.wiw.gov.pl<\/strong><\/a><br><\/p>\n\n\n\n<h3>Adres do e-dor\u0119cze\u0144 <\/h3>\n\n\n\n<p>AE:PL-37013-35068-FETFG-23<\/p>\n\n\n\n<h3>Platforma elektronicznego fakturowania<\/h3>\n\n\n\n<p>Nasz adres PEF: NIP 8862421956<\/p>\n\n\n\n<h3>Elektroniczna Skrzynka Podawcza ePUAP: <\/h3>\n\n\n\n<figure id=\"j_id1689171582_37c23023\" class=\"wp-block-table\"><table><tbody><tr><td><\/td><td>\/PIWWalbrzych\/SkrytkaESP<\/td><\/tr><\/tbody><\/table><\/figure>\n\n\n\n<p id=\"block-97c14770-c570-4bc7-a5f4-acecdef221b7\"><a href=\"https:\/\/epuap.gov.pl\/wps\/myportal\/strefa-klienta\/katalog-spraw\/profil-urzedu\/PIWWalbrzych\">https:\/\/epuap.gov.pl\/wps\/myportal\/strefa-klienta\/katalog-spraw\/profil-urzedu\/PIWWalbrzych<\/a><\/p>\n\n\n\n<h3><\/h3>\n\n\n\n<h2>Biura i samodzielne stanowiska PIW<\/h2>\n\n\n\n<figure class=\"wp-block-table\"><table><tbody><tr><td><strong>Powiatowy Lekarz Weterynarii<\/strong><\/td><\/tr><tr><td>74 848 11 70 <\/td><td>Powiatowy Lekarz Weterynarii<\/td><\/tr><tr><td><strong>Zesp\u00f3\u0142 do spraw bezpiecze\u0144stwa \u017cywno\u015bci<\/strong> <strong>i pasz<\/strong><\/td><\/tr><tr><td>74 848 11 70 wewn.106<\/td><td>Z-ca powiatowego lekarza weterynarii<\/td><\/tr><tr><td>74 848 11 70 wewn.107<\/td><td>Inspektor weterynaryjny<\/td><\/tr><tr><td><strong>Zesp\u00f3\u0142 do spraw zdrowia i ochrony zwierz\u0105t<\/strong><\/td><\/tr><tr><td>74 848 11 70 wewn.103<\/td><td>Starszy Inspektor weterynaryjny<\/td><\/tr><tr><td>74 848 11 70 wewn.108<br><\/td><td>Inspektor weterynaryjny<\/td><\/tr><tr><td><strong>Zesp\u00f3\u0142 do spraw finansowo ksi\u0119gowych<\/strong><\/td><\/tr><tr><td> 74 848 11 70 wewn.104 <\/td><td>G\u0142\u00f3wny ksi\u0119gowy<\/td><\/tr><tr><td> 74 848 11 70 wewn.105 <\/td><td>Starszy Inspektor<\/td><\/tr><tr><td><strong>Zesp\u00f3l do spraw administracyjnych<\/strong><\/td><\/tr><tr><td>74 848 11 70 wewn.105<\/td><td>Starszy Inspektor <\/td><\/tr><tr><td>74 848 11 70<br><a href=\"mailto:walbrzych.piw@wetgiw.gov.pl\">walbrzych@wroc.wiw.gov.pl<\/a><\/td><td>Referent ds. administracyjnych<\/td><\/tr><tr><td>74 848 11 70<\/td><td>Koordynator d.s. dost\u0119pno\u015bci<\/td><\/tr><tr><td>74 848 11 70 <\/td><td>Inspektor ochrony danych<\/td><\/tr><tr><td><strong>Terenowa Pracownia Diagnostyki W\u0142o\u015bni wykonuje badania w ka\u017cdy pi\u0105tek o godzinie 9:00. <\/strong>Prosimy dostarcza\u0107 pr\u00f3bki do pi\u0105tku, do godziny 8:30<strong><br><\/strong><\/td><\/tr><\/tbody><\/table><\/figure>\n\n\n\n<h3>Mapka dojazdu<\/h3>\n\n\n\n<p><iframe loading=\"lazy\" scrolling=\"no\" marginheight=\"0\" marginwidth=\"0\" src=\"http:\/\/mapy.google.pl\/maps?f=q&amp;source=s_q&amp;hl=pl&amp;geocode=&amp;q=Wysockiego+34&amp;sll=50.780001,16.255764&amp;sspn=0.002469,0.004812&amp;ie=UTF8&amp;hq=&amp;hnear=Piotra+Wysockiego+34,+Wa%C5%82brzych,+Wa%C5%82brzyski,+Dolno%C5%9Bl%C4%85skie&amp;ll=50.780055,16.255946&amp;spn=0.004749,0.013304&amp;z=16&amp;iwloc=A&amp;output=embed\" width=\"640\" height=\"380\" frameborder=\"0\"><\/iframe><br><small><a href=\"http:\/\/mapy.google.pl\/maps?f=q&amp;source=embed&amp;hl=pl&amp;geocode=&amp;q=Wysockiego+34&amp;sll=50.780001,16.255764&amp;sspn=0.002469,0.004812&amp;ie=UTF8&amp;hq=&amp;hnear=Piotra+Wysockiego+34,+Wa%C5%82brzych,+Wa%C5%82brzyski,+Dolno%C5%9Bl%C4%85skie&amp;ll=50.780055,16.255946&amp;spn=0.004749,0.013304&amp;z=16&amp;iwloc=A\" style=\"color:#0000FF;text-align:left\">Wy\u015bwietl wi\u0119ksz\u0105 map\u0119<\/a><\/small><\/p>\n\n\n\n<p><br><\/p>\n","protected":false},"excerpt":{"rendered":"<p>Dane teleadresowe: Inspekcja Weterynaryjna Powiatowy Inspektorat Weterynarii w Wa\u0142brzychuul. Wysockiego 3458-304 Wa\u0142brzychNIP: 8862421956tel. 74 848 11 70tel. 74 842 69 21fax. 74 848 11 72 e-mail: walbrzych@wroc.wiw.gov.pl Adres do e-dor\u0119cze\u0144 AE:PL-37013-35068-FETFG-23 Platforma elektronicznego fakturowania Nasz adres PEF: NIP 8862421956 Elektroniczna Skrzynka Podawcza ePUAP: \/PIWWalbrzych\/SkrytkaESP https:\/\/epuap.gov.pl\/wps\/myportal\/strefa-klienta\/katalog-spraw\/profil-urzedu\/PIWWalbrzych Biura i samodzielne stanowiska PIW Powiatowy Lekarz Weterynarii 74 848 [&hellip;]<\/p>\n","protected":false},"author":1,"featured_media":0,"parent":0,"menu_order":0,"comment_status":"closed","ping_status":"closed","template":"","meta":[],"_links":{"self":[{"href":"http:\/\/piw.walbrzych.pl\/index.php?rest_route=\/wp\/v2\/pages\/24"}],"collection":[{"href":"http:\/\/piw.walbrzych.pl\/index.php?rest_route=\/wp\/v2\/pages"}],"about":[{"href":"http:\/\/piw.walbrzych.pl\/index.php?rest_route=\/wp\/v2\/types\/page"}],"author":[{"embeddable":true,"href":"http:\/\/piw.walbrzych.pl\/index.php?rest_route=\/wp\/v2\/users\/1"}],"replies":[{"embeddable":true,"href":"http:\/\/piw.walbrzych.pl\/index.php?rest_route=%2Fwp%2Fv2%2Fcomments&post=24"}],"version-history":[{"count":19,"href":"http:\/\/piw.walbrzych.pl\/index.php?rest_route=\/wp\/v2\/pages\/24\/revisions"}],"predecessor-version":[{"id":632,"href":"http:\/\/piw.walbrzych.pl\/index.php?rest_route=\/wp\/v2\/pages\/24\/revisions\/632"}],"wp:attachment":[{"href":"http:\/\/piw.walbrzych.pl\/index.php?rest_route=%2Fwp%2Fv2%2Fmedia&parent=24"}],"curies":[{"name":"wp","href":"https:\/\/api.w.org\/{rel}","templated":true}]}}